{"id":128,"date":"2022-08-03T14:12:59","date_gmt":"2022-08-03T12:12:59","guid":{"rendered":"http:\/\/gardenparty.pl\/?page_id=128"},"modified":"2026-02-16T11:22:33","modified_gmt":"2026-02-16T10:22:33","slug":"zywienie-zbiorowe-lodz","status":"publish","type":"page","link":"https:\/\/gardenparty.pl\/index.php\/zywienie-zbiorowe-lodz\/","title":{"rendered":"\u017bywienie zbiorowe"},"content":{"rendered":"<div class=\"et_pb_section_0 et_pb_section et_section_regular et_block_section\"><div class=\"et_pb_row_0 et_pb_row et_block_row\"><div class=\"et_pb_column_0 et_pb_column et_pb_column_4_4 et-last-child et_block_column et_pb_css_mix_blend_mode_passthrough\"><div class=\"et_pb_text_0 et_pb_text et_pb_bg_layout_light et_pb_module et_block_module\"><div class=\"et_pb_text_inner\"><h1 style=\"text-align: center;\">\u017bYWIENIE ZBIOROWE<\/h1>\n<\/div><\/div><div class=\"et_pb_divider_0 et_pb_divider et_pb_space et_pb_divider_position_top et_pb_module\"><div class=\"et_pb_divider_internal\"><\/div><\/div><\/div><\/div><div class=\"et_pb_row_1 et_pb_row et_block_row\"><div class=\"et_pb_column_1 et_pb_column et_pb_column_4_4 et-last-child et_block_column et_pb_css_mix_blend_mode_passthrough\"><div class=\"et_pb_text_1 et_pb_text et_pb_bg_layout_light et_pb_module et_block_module\"><div class=\"et_pb_text_inner\"><h1>CATERING NA PRZYJ\u0118CIA\u00a0<span style=\"color: #e18700;\">I IMPREZY OKOLICZNO\u015aCIOWE<\/span><\/h1>\n<\/div><\/div><div class=\"et_pb_text_2 et_pb_text et_pb_bg_layout_light et_pb_module et_block_module\"><div class=\"et_pb_text_inner\"><p><strong><span style=\"color: #e38b06;\"><span style=\"color: #000000;\">RESTAURACJA<\/span>\u00a0FABRYKA PRZYSMAK\u00d3W<\/span><\/strong><br \/>Firma Garden Party od kilkunastu lat dzia\u0142a na rynku \u0142\u00f3dzkim i nie tylko. Zajmujemy si\u0119 profesjonaln\u0105 organizacj\u0105 r\u00f3\u017cnorodnych imprez okoliczno\u015bciowych, bankiet\u00f3w, event\u00f3w i konferencji. W naszej ofercie dost\u0119pne s\u0105 potrawy mi\u0119sne i wegetaria\u0144skie, zimny i ciep\u0142y bufet oraz bogaty wyb\u00f3r przystawek i deser\u00f3w. Korzystamy z wysokiej jako\u015bci produkt\u00f3w, co gwarantuje wy\u015bmienity smak ka\u017cdej z przygotowanych przez nas potraw.<\/p>\n<p>Poza wykonywaniem\u00a0us\u0142ug cateringowych\u00a0prowadzimy w Konstantynowie \u0141\u00f3dzkim restauracj\u0119 Fabryka Przysmak\u00f3w. Mo\u017cna w niej znale\u017a\u0107 wy\u015bmienite potrawy przygotowane przez naszych profesjonalnych kucharzy. Proponujemy pyszne dania obiadowe kuchni polskiej, domowe wypieki i tradycyjne \u015bniadania.<\/p>\n<div class=\"separator  transparent center  \"><\/div>\n<p>Firma nasza organizuje cateringow\u0105 opraw\u0119 r\u00f3\u017cnego rodzaju uroczysto\u015bci, mi\u0119dzy innymi: bankiety, imprezy integracyjne, pikniki, bale, konferencje, grille, wigilie.<br \/>Zestaw potraw i zak\u0105sek, kt\u00f3re proponujemy, jak i cena s\u0105 akceptowane przez szerokie grono naszych klient\u00f3w.<\/p>\n<div class=\"separator  transparent center  \"><\/div>\n<p>Wed\u0142ug nas wa\u017cne jest to, \u017ce otwarci jeste\u015bmy na negocjacje z ka\u017cdym z naszych potencjalnych klient\u00f3w, a dotychczasowa dzia\u0142alno\u015b\u0107 \u015bwiadczy o tym, i\u017c potrafimy zadowoli\u0107 podniebienia tysi\u0105ca usatysfakcjonowanych ju\u017c ludzi.<\/p>\n<\/div><\/div><\/div><\/div><div class=\"et_pb_row_2 et_pb_row et_pb_gutters1 et_block_row\"><div class=\"et_pb_column_2 et_pb_column et_pb_column_2_5 et_block_column et_pb_css_mix_blend_mode_passthrough\"><div class=\"et_pb_blurb_0 et_pb_blurb et_pb_bg_layout_light et_pb_blurb_position_left et_pb_module et_block_module\"><div class=\"et_pb_blurb_content\"><div class=\"et_pb_main_blurb_image\"><span class=\"et_pb_image_wrap\"><span class=\"et-pb-icon et-waypoint et_pb_animation_top et_pb_animation_top_tablet et_pb_animation_top_phone\">\ue01d<\/span><\/span><\/div><div class=\"et_pb_blurb_container\"><h4 class=\"et_pb_module_header\">Biuro i Restauracja<\/h4><div class=\"et_pb_blurb_description\"><p><span><a href=\"https:\/\/goo.gl\/maps\/rMHFaDzCBodootMMA\">ul.\u0141\u00f3dzka 57<\/a><br \/><a href=\"https:\/\/goo.gl\/maps\/rMHFaDzCBodootMMA\">95-050 Konstantyn\u00f3w \u0141\u00f3dzki<\/a><br \/><\/span><\/p>\n<\/div><\/div><\/div><\/div><\/div><div class=\"et_pb_column_3 et_pb_column et_pb_column_3_5 et-last-child et_block_column et_pb_css_mix_blend_mode_passthrough\"><div class=\"et_pb_code_0 et_pb_code et_pb_module\"><div class=\"et_pb_code_inner\"><iframe src=\"https:\/\/www.google.com\/maps\/embed?pb=!1m14!1m8!1m3!1d4940.508817282918!2d19.336861090646856!3d51.74667132104099!3m2!1i1024!2i768!4f13.1!3m3!1m2!1s0x0%3A0x55f60a98a6661663!2sGarden%20Party%20Catering!5e0!3m2!1spl!2spl!4v1660643314520!5m2!1spl!2spl\" width=\"1000\" height=\"300\" style=\"border:0;\" allowfullscreen=\"\" loading=\"lazy\" referrerpolicy=\"no-referrer-when-downgrade\"><\/iframe><\/div><\/div><\/div><\/div><div class=\"et_pb_row_3 et_pb_row et_pb_gutters1 et_block_row\"><div class=\"et_pb_column_4 et_pb_column et_pb_column_2_5 et_block_column et_pb_css_mix_blend_mode_passthrough\"><div class=\"et_pb_blurb_1 et_pb_blurb et_pb_bg_layout_light et_pb_blurb_position_left et_pb_module et_block_module\"><div class=\"et_pb_blurb_content\"><div class=\"et_pb_main_blurb_image\"><span class=\"et_pb_image_wrap\"><span class=\"et-pb-icon et-waypoint et_pb_animation_top et_pb_animation_top_tablet et_pb_animation_top_phone\">\ue01d<\/span><\/span><\/div><div class=\"et_pb_blurb_container\"><h4 class=\"et_pb_module_header\">Siedziba<\/h4><div class=\"et_pb_blurb_description\"><p><span><a href=\"https:\/\/goo.gl\/maps\/PefDDLAayoNxFykq5\">ul. Retki\u0144ska 79\/18<\/a><br \/><a href=\"https:\/\/goo.gl\/maps\/PefDDLAayoNxFykq5\">94-004 \u0141\u00f3d\u017a<\/a><\/span><\/p>\n<\/div><\/div><\/div><\/div><\/div><div class=\"et_pb_column_5 et_pb_column et_pb_column_3_5 et-last-child et_block_column et_pb_css_mix_blend_mode_passthrough\"><div class=\"et_pb_code_1 et_pb_code et_pb_module\"><div class=\"et_pb_code_inner\"><iframe src=\"https:\/\/www.google.com\/maps\/embed?pb=!1m18!1m12!1m3!1d1746.5494071105804!2d19.40759149471503!3d51.75143585985786!2m3!1f0!2f0!3f0!3m2!1i1024!2i768!4f13.1!3m3!1m2!1s0x471a3541d5945553%3A0x8c7ff02ad70ef191!2zUmV0a2nFhHNrYSA3OSwgOTQtMDU0IMWBw7Nkxbo!5e0!3m2!1spl!2spl!4v1660643406304!5m2!1spl!2spl\" width=\"1000\" height=\"300\" style=\"border:0;\" allowfullscreen=\"\" loading=\"lazy\" referrerpolicy=\"no-referrer-when-downgrade\"><\/iframe><\/div><\/div><\/div><\/div><\/div>","protected":false},"excerpt":{"rendered":"","protected":false},"author":3,"featured_media":0,"parent":0,"menu_order":0,"comment_status":"closed","ping_status":"closed","template":"","meta":{"footnotes":""},"class_list":["post-128","page","type-page","status-publish","hentry"],"yoast_head":"<!-- This site is optimized with the Yoast SEO plugin v27.4 - https:\/\/yoast.com\/product\/yoast-seo-wordpress\/ -->\n<title>\u017bywienie zbiorowe - GARDEN PARTY<\/title>\n<meta name=\"robots\" content=\"index, follow, max-snippet:-1, max-image-preview:large, max-video-preview:-1\" \/>\n<link rel=\"canonical\" href=\"https:\/\/gardenparty.pl\/index.php\/zywienie-zbiorowe-lodz\/\" \/>\n<meta property=\"og:locale\" content=\"pl_PL\" \/>\n<meta property=\"og:type\" content=\"article\" \/>\n<meta property=\"og:title\" content=\"\u017bywienie zbiorowe - GARDEN PARTY\" \/>\n<meta property=\"og:url\" content=\"https:\/\/gardenparty.pl\/index.php\/zywienie-zbiorowe-lodz\/\" \/>\n<meta property=\"og:site_name\" content=\"GARDEN PARTY\" \/>\n<meta property=\"article:modified_time\" content=\"2026-02-16T10:22:33+00:00\" \/>\n<meta name=\"twitter:card\" content=\"summary_large_image\" \/>\n<script type=\"application\/ld+json\" class=\"yoast-schema-graph\">{\"@context\":\"https:\\\/\\\/schema.org\",\"@graph\":[{\"@type\":\"WebPage\",\"@id\":\"https:\\\/\\\/gardenparty.pl\\\/index.php\\\/zywienie-zbiorowe-lodz\\\/\",\"url\":\"https:\\\/\\\/gardenparty.pl\\\/index.php\\\/zywienie-zbiorowe-lodz\\\/\",\"name\":\"\u017bywienie zbiorowe - GARDEN PARTY\",\"isPartOf\":{\"@id\":\"https:\\\/\\\/gardenparty.pl\\\/#website\"},\"datePublished\":\"2022-08-03T12:12:59+00:00\",\"dateModified\":\"2026-02-16T10:22:33+00:00\",\"breadcrumb\":{\"@id\":\"https:\\\/\\\/gardenparty.pl\\\/index.php\\\/zywienie-zbiorowe-lodz\\\/#breadcrumb\"},\"inLanguage\":\"pl-PL\",\"potentialAction\":[{\"@type\":\"ReadAction\",\"target\":[\"https:\\\/\\\/gardenparty.pl\\\/index.php\\\/zywienie-zbiorowe-lodz\\\/\"]}]},{\"@type\":\"BreadcrumbList\",\"@id\":\"https:\\\/\\\/gardenparty.pl\\\/index.php\\\/zywienie-zbiorowe-lodz\\\/#breadcrumb\",\"itemListElement\":[{\"@type\":\"ListItem\",\"position\":1,\"name\":\"Strona g\u0142\u00f3wna\",\"item\":\"https:\\\/\\\/gardenparty.pl\\\/\"},{\"@type\":\"ListItem\",\"position\":2,\"name\":\"\u017bywienie zbiorowe\"}]},{\"@type\":\"WebSite\",\"@id\":\"https:\\\/\\\/gardenparty.pl\\\/#website\",\"url\":\"https:\\\/\\\/gardenparty.pl\\\/\",\"name\":\"GARDEN PARTY\",\"description\":\"Catering \u0141\u00f3d\u017a\",\"potentialAction\":[{\"@type\":\"SearchAction\",\"target\":{\"@type\":\"EntryPoint\",\"urlTemplate\":\"https:\\\/\\\/gardenparty.pl\\\/?s={search_term_string}\"},\"query-input\":{\"@type\":\"PropertyValueSpecification\",\"valueRequired\":true,\"valueName\":\"search_term_string\"}}],\"inLanguage\":\"pl-PL\"}]}<\/script>\n<!-- \/ Yoast SEO plugin. -->","yoast_head_json":{"title":"\u017bywienie zbiorowe - GARDEN PARTY","robots":{"index":"index","follow":"follow","max-snippet":"max-snippet:-1","max-image-preview":"max-image-preview:large","max-video-preview":"max-video-preview:-1"},"canonical":"https:\/\/gardenparty.pl\/index.php\/zywienie-zbiorowe-lodz\/","og_locale":"pl_PL","og_type":"article","og_title":"\u017bywienie zbiorowe - GARDEN PARTY","og_url":"https:\/\/gardenparty.pl\/index.php\/zywienie-zbiorowe-lodz\/","og_site_name":"GARDEN PARTY","article_modified_time":"2026-02-16T10:22:33+00:00","twitter_card":"summary_large_image","schema":{"@context":"https:\/\/schema.org","@graph":[{"@type":"WebPage","@id":"https:\/\/gardenparty.pl\/index.php\/zywienie-zbiorowe-lodz\/","url":"https:\/\/gardenparty.pl\/index.php\/zywienie-zbiorowe-lodz\/","name":"\u017bywienie zbiorowe - GARDEN PARTY","isPartOf":{"@id":"https:\/\/gardenparty.pl\/#website"},"datePublished":"2022-08-03T12:12:59+00:00","dateModified":"2026-02-16T10:22:33+00:00","breadcrumb":{"@id":"https:\/\/gardenparty.pl\/index.php\/zywienie-zbiorowe-lodz\/#breadcrumb"},"inLanguage":"pl-PL","potentialAction":[{"@type":"ReadAction","target":["https:\/\/gardenparty.pl\/index.php\/zywienie-zbiorowe-lodz\/"]}]},{"@type":"BreadcrumbList","@id":"https:\/\/gardenparty.pl\/index.php\/zywienie-zbiorowe-lodz\/#breadcrumb","itemListElement":[{"@type":"ListItem","position":1,"name":"Strona g\u0142\u00f3wna","item":"https:\/\/gardenparty.pl\/"},{"@type":"ListItem","position":2,"name":"\u017bywienie zbiorowe"}]},{"@type":"WebSite","@id":"https:\/\/gardenparty.pl\/#website","url":"https:\/\/gardenparty.pl\/","name":"GARDEN PARTY","description":"Catering \u0141\u00f3d\u017a","potentialAction":[{"@type":"SearchAction","target":{"@type":"EntryPoint","urlTemplate":"https:\/\/gardenparty.pl\/?s={search_term_string}"},"query-input":{"@type":"PropertyValueSpecification","valueRequired":true,"valueName":"search_term_string"}}],"inLanguage":"pl-PL"}]}},"_links":{"self":[{"href":"https:\/\/gardenparty.pl\/index.php\/wp-json\/wp\/v2\/pages\/128","targetHints":{"allow":["GET"]}}],"collection":[{"href":"https:\/\/gardenparty.pl\/index.php\/wp-json\/wp\/v2\/pages"}],"about":[{"href":"https:\/\/gardenparty.pl\/index.php\/wp-json\/wp\/v2\/types\/page"}],"author":[{"embeddable":true,"href":"https:\/\/gardenparty.pl\/index.php\/wp-json\/wp\/v2\/users\/3"}],"replies":[{"embeddable":true,"href":"https:\/\/gardenparty.pl\/index.php\/wp-json\/wp\/v2\/comments?post=128"}],"version-history":[{"count":14,"href":"https:\/\/gardenparty.pl\/index.php\/wp-json\/wp\/v2\/pages\/128\/revisions"}],"predecessor-version":[{"id":247338,"href":"https:\/\/gardenparty.pl\/index.php\/wp-json\/wp\/v2\/pages\/128\/revisions\/247338"}],"wp:attachment":[{"href":"https:\/\/gardenparty.pl\/index.php\/wp-json\/wp\/v2\/media?parent=128"}],"curies":[{"name":"wp","href":"https:\/\/api.w.org\/{rel}","templated":true}]}}