{"id":137,"date":"2022-08-04T10:06:42","date_gmt":"2022-08-04T08:06:42","guid":{"rendered":"http:\/\/gardenparty.pl\/?page_id=137"},"modified":"2026-02-16T11:22:34","modified_gmt":"2026-02-16T10:22:34","slug":"obsluga-bankietow","status":"publish","type":"page","link":"https:\/\/gardenparty.pl\/index.php\/obsluga-bankietow\/","title":{"rendered":"Obs\u0142uga bankiet\u00f3w"},"content":{"rendered":"<div class=\"et_pb_section_0 et_pb_section et_section_regular et_block_section\"><div class=\"et_pb_row_0 et_pb_row et_block_row\"><div class=\"et_pb_column_0 et_pb_column et_pb_column_1_2 et_block_column et_pb_css_mix_blend_mode_passthrough\"><div class=\"et_pb_image_0 et_pb_image et_pb_module et_block_module\"><span class=\"et_pb_image_wrap\"><img loading=\"lazy\" decoding=\"async\" src=\"https:\/\/gardenparty.pl\/wp-content\/uploads\/2022\/09\/Depositphotos_7796569_l-2015.jpg\" width=\"1399\" height=\"2000\" srcset=\"https:\/\/gardenparty.pl\/wp-content\/uploads\/2022\/09\/Depositphotos_7796569_l-2015.jpg 1399w, https:\/\/gardenparty.pl\/wp-content\/uploads\/2022\/09\/Depositphotos_7796569_l-2015-1280x1830.jpg 1280w, https:\/\/gardenparty.pl\/wp-content\/uploads\/2022\/09\/Depositphotos_7796569_l-2015-980x1401.jpg 980w, https:\/\/gardenparty.pl\/wp-content\/uploads\/2022\/09\/Depositphotos_7796569_l-2015-480x686.jpg 480w\" sizes=\"(min-width: 0px) and (max-width: 480px) 480px, (min-width: 481px) and (max-width: 980px) 980px, (min-width: 981px) and (max-width: 1280px) 1280px, (min-width: 1281px) 1399px, 100vw\" class=\"wp-image-245840\" title=\"Depositphotos_7796569_l-2015\" \/><\/span><\/div><\/div><div class=\"et_pb_column_1 et_pb_column et_pb_column_1_2 et-last-child et_block_column et_pb_css_mix_blend_mode_passthrough\"><div class=\"et_pb_text_0 et_pb_text et_pb_bg_layout_light et_pb_module et_block_module et_pb_text_align_center\"><div class=\"et_pb_text_inner\"><h1>GARDEN PARTY \u2013 OBS\u0141UGA CATERINGOWA BANKIET\u00d3W<\/h1>\n<\/div><\/div><div class=\"et_pb_text_1 et_pb_text et_pb_bg_layout_light et_pb_module et_block_module\"><div class=\"et_pb_text_inner\"><p>Bankiety biznesowe musz\u0105 by\u0107 dopracowane w najdrobniejszych szczeg\u00f3\u0142ach, aby zapewni\u0107 swoim uczestnikom pe\u0142en komfort dobrej zabawy. Jednym z wa\u017cnych element\u00f3w odpowiadaj\u0105cych za sukces s\u0105 te\u017c wy\u015bmienite potrawy dost\u0119pne podczas tego wydarzenia. W\u00f3wczas, gdy zale\u017cy Pa\u0144stwu na ca\u0142kowitym zadowoleniu go\u015bci, w naszej firmie cateringowej Garden Party z \u0141odzi zapewniamy pe\u0142n\u0105 obs\u0142ug\u0119.<\/p>\n<p>Od lat\u00a0obs\u0142uga bankiet\u00f3w\u00a0jest nasz\u0105 specjalno\u015bci\u0105 i wszystkim z naszych klient\u00f3w zapewniamy w tym zakresie profesjonalne i kompleksowe us\u0142ug cateringowe. Dzi\u0119ki temu, \u017ce do ka\u017cdego zlecenia podchodzimy w spos\u00f3b indywidualny, mog\u0105 Pa\u0144stwo liczy\u0107 na pe\u0142ne wsparcie w organizacji wa\u017cnych wydarze\u0144 biznesowych niezale\u017cnie od ich zakresu.<\/p>\n<p>&nbsp;<\/p>\n<p>Przepis na udany bankiet firmowy<\/p>\n<p>St\u00f3\u0142 szwedzki czy obs\u0142uga kelnerska? Przy organizacji bankietu warto pomy\u015ble\u0107 r\u00f3wnie\u017c o tym, jak zorganizowana b\u0119dzie kwestia serwowania da\u0144 dla go\u015bci. W naszej firmie Garden Party wychodzimy naprzeciwko oczekiwaniom naszych klient\u00f3w, dlatego te\u017c jeste\u015bmy gotowi do pomocy w organizacji spotka\u0144 firmowych zgodnie z Pa\u0144stwa wymaganiami.\u00a0Obs\u0142uga bankiet\u00f3w\u00a0mo\u017ce odbywa\u0107 si\u0119 w ka\u017cdej postaci. Dostarczamy r\u00f3wnie\u017c niezb\u0119dne wyposa\u017cenie i zapewniamy obs\u0142ug\u0119 kelnersk\u0105.<\/p>\n<p>Dok\u0142adamy wszelkich stara\u0144, aby nasi go\u015bcie byli w pe\u0142ni zadowoleni z tego, co mo\u017cemy im zaoferowa\u0107 \u2013 wy\u015bmienite dania przygotowywane przez mistrz\u00f3w kuchni oraz obs\u0142uga na najwy\u017cszym poziomie to nasze najwa\u017cniejsze atuty. Gdy planuj\u0105 Pa\u0144stwo organizacj\u0119 bankietu, zach\u0119camy do skorzystania z naszego wsparcia!<\/p>\n<\/div><\/div><\/div><\/div><\/div>","protected":false},"excerpt":{"rendered":"","protected":false},"author":3,"featured_media":0,"parent":0,"menu_order":0,"comment_status":"closed","ping_status":"closed","template":"","meta":{"footnotes":""},"class_list":["post-137","page","type-page","status-publish","hentry"],"yoast_head":"<!-- This site is optimized with the Yoast SEO plugin v27.4 - https:\/\/yoast.com\/product\/yoast-seo-wordpress\/ -->\n<title>Obs\u0142uga bankiet\u00f3w \u0141\u00f3d\u017a - Garden Party<\/title>\n<meta name=\"robots\" content=\"index, follow, max-snippet:-1, max-image-preview:large, max-video-preview:-1\" \/>\n<link rel=\"canonical\" href=\"https:\/\/gardenparty.pl\/index.php\/obsluga-bankietow\/\" \/>\n<meta property=\"og:locale\" content=\"pl_PL\" \/>\n<meta property=\"og:type\" content=\"article\" \/>\n<meta property=\"og:title\" content=\"Obs\u0142uga bankiet\u00f3w \u0141\u00f3d\u017a - Garden Party\" \/>\n<meta property=\"og:url\" content=\"https:\/\/gardenparty.pl\/index.php\/obsluga-bankietow\/\" \/>\n<meta property=\"og:site_name\" content=\"GARDEN PARTY\" \/>\n<meta property=\"article:modified_time\" content=\"2026-02-16T10:22:34+00:00\" \/>\n<meta name=\"twitter:card\" content=\"summary_large_image\" \/>\n<meta name=\"twitter:label1\" content=\"Szacowany czas czytania\" \/>\n\t<meta name=\"twitter:data1\" content=\"2 minuty\" \/>\n<script type=\"application\/ld+json\" class=\"yoast-schema-graph\">{\"@context\":\"https:\\\/\\\/schema.org\",\"@graph\":[{\"@type\":\"WebPage\",\"@id\":\"https:\\\/\\\/gardenparty.pl\\\/index.php\\\/obsluga-bankietow\\\/\",\"url\":\"https:\\\/\\\/gardenparty.pl\\\/index.php\\\/obsluga-bankietow\\\/\",\"name\":\"Obs\u0142uga bankiet\u00f3w \u0141\u00f3d\u017a - Garden Party\",\"isPartOf\":{\"@id\":\"https:\\\/\\\/gardenparty.pl\\\/#website\"},\"datePublished\":\"2022-08-04T08:06:42+00:00\",\"dateModified\":\"2026-02-16T10:22:34+00:00\",\"breadcrumb\":{\"@id\":\"https:\\\/\\\/gardenparty.pl\\\/index.php\\\/obsluga-bankietow\\\/#breadcrumb\"},\"inLanguage\":\"pl-PL\",\"potentialAction\":[{\"@type\":\"ReadAction\",\"target\":[\"https:\\\/\\\/gardenparty.pl\\\/index.php\\\/obsluga-bankietow\\\/\"]}]},{\"@type\":\"BreadcrumbList\",\"@id\":\"https:\\\/\\\/gardenparty.pl\\\/index.php\\\/obsluga-bankietow\\\/#breadcrumb\",\"itemListElement\":[{\"@type\":\"ListItem\",\"position\":1,\"name\":\"Strona g\u0142\u00f3wna\",\"item\":\"https:\\\/\\\/gardenparty.pl\\\/\"},{\"@type\":\"ListItem\",\"position\":2,\"name\":\"Obs\u0142uga bankiet\u00f3w\"}]},{\"@type\":\"WebSite\",\"@id\":\"https:\\\/\\\/gardenparty.pl\\\/#website\",\"url\":\"https:\\\/\\\/gardenparty.pl\\\/\",\"name\":\"GARDEN PARTY\",\"description\":\"Catering \u0141\u00f3d\u017a\",\"potentialAction\":[{\"@type\":\"SearchAction\",\"target\":{\"@type\":\"EntryPoint\",\"urlTemplate\":\"https:\\\/\\\/gardenparty.pl\\\/?s={search_term_string}\"},\"query-input\":{\"@type\":\"PropertyValueSpecification\",\"valueRequired\":true,\"valueName\":\"search_term_string\"}}],\"inLanguage\":\"pl-PL\"}]}<\/script>\n<!-- \/ Yoast SEO plugin. -->","yoast_head_json":{"title":"Obs\u0142uga bankiet\u00f3w \u0141\u00f3d\u017a - Garden Party","robots":{"index":"index","follow":"follow","max-snippet":"max-snippet:-1","max-image-preview":"max-image-preview:large","max-video-preview":"max-video-preview:-1"},"canonical":"https:\/\/gardenparty.pl\/index.php\/obsluga-bankietow\/","og_locale":"pl_PL","og_type":"article","og_title":"Obs\u0142uga bankiet\u00f3w \u0141\u00f3d\u017a - Garden Party","og_url":"https:\/\/gardenparty.pl\/index.php\/obsluga-bankietow\/","og_site_name":"GARDEN PARTY","article_modified_time":"2026-02-16T10:22:34+00:00","twitter_card":"summary_large_image","twitter_misc":{"Szacowany czas czytania":"2 minuty"},"schema":{"@context":"https:\/\/schema.org","@graph":[{"@type":"WebPage","@id":"https:\/\/gardenparty.pl\/index.php\/obsluga-bankietow\/","url":"https:\/\/gardenparty.pl\/index.php\/obsluga-bankietow\/","name":"Obs\u0142uga bankiet\u00f3w \u0141\u00f3d\u017a - Garden Party","isPartOf":{"@id":"https:\/\/gardenparty.pl\/#website"},"datePublished":"2022-08-04T08:06:42+00:00","dateModified":"2026-02-16T10:22:34+00:00","breadcrumb":{"@id":"https:\/\/gardenparty.pl\/index.php\/obsluga-bankietow\/#breadcrumb"},"inLanguage":"pl-PL","potentialAction":[{"@type":"ReadAction","target":["https:\/\/gardenparty.pl\/index.php\/obsluga-bankietow\/"]}]},{"@type":"BreadcrumbList","@id":"https:\/\/gardenparty.pl\/index.php\/obsluga-bankietow\/#breadcrumb","itemListElement":[{"@type":"ListItem","position":1,"name":"Strona g\u0142\u00f3wna","item":"https:\/\/gardenparty.pl\/"},{"@type":"ListItem","position":2,"name":"Obs\u0142uga bankiet\u00f3w"}]},{"@type":"WebSite","@id":"https:\/\/gardenparty.pl\/#website","url":"https:\/\/gardenparty.pl\/","name":"GARDEN PARTY","description":"Catering \u0141\u00f3d\u017a","potentialAction":[{"@type":"SearchAction","target":{"@type":"EntryPoint","urlTemplate":"https:\/\/gardenparty.pl\/?s={search_term_string}"},"query-input":{"@type":"PropertyValueSpecification","valueRequired":true,"valueName":"search_term_string"}}],"inLanguage":"pl-PL"}]}},"_links":{"self":[{"href":"https:\/\/gardenparty.pl\/index.php\/wp-json\/wp\/v2\/pages\/137","targetHints":{"allow":["GET"]}}],"collection":[{"href":"https:\/\/gardenparty.pl\/index.php\/wp-json\/wp\/v2\/pages"}],"about":[{"href":"https:\/\/gardenparty.pl\/index.php\/wp-json\/wp\/v2\/types\/page"}],"author":[{"embeddable":true,"href":"https:\/\/gardenparty.pl\/index.php\/wp-json\/wp\/v2\/users\/3"}],"replies":[{"embeddable":true,"href":"https:\/\/gardenparty.pl\/index.php\/wp-json\/wp\/v2\/comments?post=137"}],"version-history":[{"count":12,"href":"https:\/\/gardenparty.pl\/index.php\/wp-json\/wp\/v2\/pages\/137\/revisions"}],"predecessor-version":[{"id":247339,"href":"https:\/\/gardenparty.pl\/index.php\/wp-json\/wp\/v2\/pages\/137\/revisions\/247339"}],"wp:attachment":[{"href":"https:\/\/gardenparty.pl\/index.php\/wp-json\/wp\/v2\/media?parent=137"}],"curies":[{"name":"wp","href":"https:\/\/api.w.org\/{rel}","templated":true}]}}