{"id":161,"date":"2022-08-04T10:17:10","date_gmt":"2022-08-04T08:17:10","guid":{"rendered":"http:\/\/gardenparty.pl\/?page_id=161"},"modified":"2026-02-16T11:22:35","modified_gmt":"2026-02-16T10:22:35","slug":"imprezy-firmowe","status":"publish","type":"page","link":"https:\/\/gardenparty.pl\/index.php\/imprezy-firmowe\/","title":{"rendered":"Imprezy firmowe"},"content":{"rendered":"<div class=\"et_pb_section_0 et_pb_section et_section_regular et_block_section\"><div class=\"et_pb_row_0 et_pb_row et_block_row\"><div class=\"et_pb_column_0 et_pb_column et_pb_column_1_2 et_block_column et_pb_css_mix_blend_mode_passthrough\"><div class=\"et_pb_image_0 et_pb_image et_pb_module et_block_module\"><span class=\"et_pb_image_wrap\"><img loading=\"lazy\" decoding=\"async\" src=\"https:\/\/gardenparty.pl\/wp-content\/uploads\/2022\/09\/Depositphotos_75380275_l-2015.jpg\" width=\"1333\" height=\"2000\" srcset=\"https:\/\/gardenparty.pl\/wp-content\/uploads\/2022\/09\/Depositphotos_75380275_l-2015.jpg 1333w, https:\/\/gardenparty.pl\/wp-content\/uploads\/2022\/09\/Depositphotos_75380275_l-2015-1280x1920.jpg 1280w, https:\/\/gardenparty.pl\/wp-content\/uploads\/2022\/09\/Depositphotos_75380275_l-2015-980x1470.jpg 980w, https:\/\/gardenparty.pl\/wp-content\/uploads\/2022\/09\/Depositphotos_75380275_l-2015-480x720.jpg 480w\" sizes=\"(min-width: 0px) and (max-width: 480px) 480px, (min-width: 481px) and (max-width: 980px) 980px, (min-width: 981px) and (max-width: 1280px) 1280px, (min-width: 1281px) 1333px, 100vw\" class=\"wp-image-245847\" title=\"Depositphotos_75380275_l-2015\" \/><\/span><\/div><\/div><div class=\"et_pb_column_1 et_pb_column et_pb_column_1_2 et-last-child et_block_column et_pb_css_mix_blend_mode_passthrough\"><div class=\"et_pb_text_0 et_pb_text et_pb_bg_layout_light et_pb_module et_block_module et_pb_text_align_center\"><div class=\"et_pb_text_inner\"><p>Catering na imprezy firmowe z GARDEN PARTY<\/p>\n<\/div><\/div><div class=\"et_pb_text_1 et_pb_text et_pb_bg_layout_light et_pb_module et_block_module\"><div class=\"et_pb_text_inner\"><p>Przy planowaniu imprez firmowych nie mo\u017cna zapomina\u0107 o wyselekcjonowaniu wy\u015bmienitych potraw, kt\u00f3re b\u0119d\u0105 mog\u0142y je u\u015bwietni\u0107. W tym celu warto skorzysta\u0107 z us\u0142ug cateringowych, aby ich przyrz\u0105dzeniem mogli zaj\u0105\u0107 si\u0119 specjali\u015bci. W naszej firmie Garden Party zapewniamy Pa\u0144stwu pe\u0142n\u0105 obs\u0142ug\u0119 na\u00a0<strong>imprezy firmowe<\/strong>\u00a0\u2013 zadbamy o to, aby organizowane przez Pa\u0144stwa wydarzenia by\u0142y niepowtarzalne.<\/p>\n<p>Catering dla firm cieszy si\u0119 dzisiaj coraz wi\u0119kszym zainteresowaniem. Wybierany jest on zar\u00f3wno na co dzie\u0144, na przyk\u0142ad z okazji szkole\u0144 pracownik\u00f3w w formie obs\u0142ugi przerw kawowych i obiadowych lub lunch\u00f3w biznesowych, jak i r\u00f3wnie\u017c na te specjalne wydarzenia, podczas kt\u00f3rych firma chce zaprezentowa\u0107 si\u0119 z jak najlepszej strony.<\/p>\n<h2>Catering firmowy ze smakiem<\/h2>\n<p>Przy selekcjonowaniu ofert cateringu na wydarzenia firmowe warto pami\u0119ta\u0107 nie tylko o wyselekcjonowaniu oferty wyr\u00f3\u017cniaj\u0105cej si\u0119 bogatym menu, ale r\u00f3wnie\u017c jak najwy\u017csz\u0105 jako\u015bci\u0105. Wy\u015bmienite potrawy z wyselekcjonowanych sk\u0142adnik\u00f3w zaserwowane w elegancki spos\u00f3b to idealne po\u0142\u0105czenie.<\/p>\n<p>Dla naszych klient\u00f3w organizujemy <strong>catering na\u00a0imprezy firmowe<\/strong>\u00a0r\u00f3\u017cnych rodzaj\u00f3w, mi\u0119dzy innymi na bankiety i koktajle firmowe, pikniki, spotkania \u015bwi\u0105teczne z okazji Bo\u017cego Narodzenia oraz Wielkanocy, lunche biznesowe, szkolenia, konferencje. Niezale\u017cnie od organizowanego przez Pa\u0144stwa wydarzenia gwarantujemy pe\u0142n\u0105 i profesjonaln\u0105 obs\u0142ug\u0119 cateringow\u0105 w przyst\u0119pnych cenach. Zach\u0119camy do skontaktowania si\u0119 z nami w celu uzyskania dodatkowych informacji i um\u00f3wienia si\u0119 na termin wykonania us\u0142ugi.<\/p>\n<\/div><\/div><\/div><\/div><\/div>","protected":false},"excerpt":{"rendered":"","protected":false},"author":3,"featured_media":0,"parent":0,"menu_order":0,"comment_status":"closed","ping_status":"closed","template":"","meta":{"footnotes":""},"class_list":["post-161","page","type-page","status-publish","hentry"],"yoast_head":"<!-- This site is optimized with the Yoast SEO plugin v27.4 - https:\/\/yoast.com\/product\/yoast-seo-wordpress\/ -->\n<title>Catering na imprezy firmowe \u0141\u00f3d\u017a - GARDEN PARTY<\/title>\n<meta name=\"robots\" content=\"index, follow, max-snippet:-1, max-image-preview:large, max-video-preview:-1\" \/>\n<link rel=\"canonical\" href=\"https:\/\/gardenparty.pl\/index.php\/imprezy-firmowe\/\" \/>\n<meta property=\"og:locale\" content=\"pl_PL\" \/>\n<meta property=\"og:type\" content=\"article\" \/>\n<meta property=\"og:title\" content=\"Catering na imprezy firmowe \u0141\u00f3d\u017a - GARDEN PARTY\" \/>\n<meta property=\"og:url\" content=\"https:\/\/gardenparty.pl\/index.php\/imprezy-firmowe\/\" \/>\n<meta property=\"og:site_name\" content=\"GARDEN PARTY\" \/>\n<meta property=\"article:modified_time\" content=\"2026-02-16T10:22:35+00:00\" \/>\n<meta name=\"twitter:card\" content=\"summary_large_image\" \/>\n<meta name=\"twitter:label1\" content=\"Szacowany czas czytania\" \/>\n\t<meta name=\"twitter:data1\" content=\"2 minuty\" \/>\n<script type=\"application\/ld+json\" class=\"yoast-schema-graph\">{\"@context\":\"https:\\\/\\\/schema.org\",\"@graph\":[{\"@type\":\"WebPage\",\"@id\":\"https:\\\/\\\/gardenparty.pl\\\/index.php\\\/imprezy-firmowe\\\/\",\"url\":\"https:\\\/\\\/gardenparty.pl\\\/index.php\\\/imprezy-firmowe\\\/\",\"name\":\"Catering na imprezy firmowe \u0141\u00f3d\u017a - GARDEN PARTY\",\"isPartOf\":{\"@id\":\"https:\\\/\\\/gardenparty.pl\\\/#website\"},\"datePublished\":\"2022-08-04T08:17:10+00:00\",\"dateModified\":\"2026-02-16T10:22:35+00:00\",\"breadcrumb\":{\"@id\":\"https:\\\/\\\/gardenparty.pl\\\/index.php\\\/imprezy-firmowe\\\/#breadcrumb\"},\"inLanguage\":\"pl-PL\",\"potentialAction\":[{\"@type\":\"ReadAction\",\"target\":[\"https:\\\/\\\/gardenparty.pl\\\/index.php\\\/imprezy-firmowe\\\/\"]}]},{\"@type\":\"BreadcrumbList\",\"@id\":\"https:\\\/\\\/gardenparty.pl\\\/index.php\\\/imprezy-firmowe\\\/#breadcrumb\",\"itemListElement\":[{\"@type\":\"ListItem\",\"position\":1,\"name\":\"Strona g\u0142\u00f3wna\",\"item\":\"https:\\\/\\\/gardenparty.pl\\\/\"},{\"@type\":\"ListItem\",\"position\":2,\"name\":\"Imprezy firmowe\"}]},{\"@type\":\"WebSite\",\"@id\":\"https:\\\/\\\/gardenparty.pl\\\/#website\",\"url\":\"https:\\\/\\\/gardenparty.pl\\\/\",\"name\":\"GARDEN PARTY\",\"description\":\"Catering \u0141\u00f3d\u017a\",\"potentialAction\":[{\"@type\":\"SearchAction\",\"target\":{\"@type\":\"EntryPoint\",\"urlTemplate\":\"https:\\\/\\\/gardenparty.pl\\\/?s={search_term_string}\"},\"query-input\":{\"@type\":\"PropertyValueSpecification\",\"valueRequired\":true,\"valueName\":\"search_term_string\"}}],\"inLanguage\":\"pl-PL\"}]}<\/script>\n<!-- \/ Yoast SEO plugin. -->","yoast_head_json":{"title":"Catering na imprezy firmowe \u0141\u00f3d\u017a - GARDEN PARTY","robots":{"index":"index","follow":"follow","max-snippet":"max-snippet:-1","max-image-preview":"max-image-preview:large","max-video-preview":"max-video-preview:-1"},"canonical":"https:\/\/gardenparty.pl\/index.php\/imprezy-firmowe\/","og_locale":"pl_PL","og_type":"article","og_title":"Catering na imprezy firmowe \u0141\u00f3d\u017a - GARDEN PARTY","og_url":"https:\/\/gardenparty.pl\/index.php\/imprezy-firmowe\/","og_site_name":"GARDEN PARTY","article_modified_time":"2026-02-16T10:22:35+00:00","twitter_card":"summary_large_image","twitter_misc":{"Szacowany czas czytania":"2 minuty"},"schema":{"@context":"https:\/\/schema.org","@graph":[{"@type":"WebPage","@id":"https:\/\/gardenparty.pl\/index.php\/imprezy-firmowe\/","url":"https:\/\/gardenparty.pl\/index.php\/imprezy-firmowe\/","name":"Catering na imprezy firmowe \u0141\u00f3d\u017a - GARDEN PARTY","isPartOf":{"@id":"https:\/\/gardenparty.pl\/#website"},"datePublished":"2022-08-04T08:17:10+00:00","dateModified":"2026-02-16T10:22:35+00:00","breadcrumb":{"@id":"https:\/\/gardenparty.pl\/index.php\/imprezy-firmowe\/#breadcrumb"},"inLanguage":"pl-PL","potentialAction":[{"@type":"ReadAction","target":["https:\/\/gardenparty.pl\/index.php\/imprezy-firmowe\/"]}]},{"@type":"BreadcrumbList","@id":"https:\/\/gardenparty.pl\/index.php\/imprezy-firmowe\/#breadcrumb","itemListElement":[{"@type":"ListItem","position":1,"name":"Strona g\u0142\u00f3wna","item":"https:\/\/gardenparty.pl\/"},{"@type":"ListItem","position":2,"name":"Imprezy firmowe"}]},{"@type":"WebSite","@id":"https:\/\/gardenparty.pl\/#website","url":"https:\/\/gardenparty.pl\/","name":"GARDEN PARTY","description":"Catering \u0141\u00f3d\u017a","potentialAction":[{"@type":"SearchAction","target":{"@type":"EntryPoint","urlTemplate":"https:\/\/gardenparty.pl\/?s={search_term_string}"},"query-input":{"@type":"PropertyValueSpecification","valueRequired":true,"valueName":"search_term_string"}}],"inLanguage":"pl-PL"}]}},"_links":{"self":[{"href":"https:\/\/gardenparty.pl\/index.php\/wp-json\/wp\/v2\/pages\/161","targetHints":{"allow":["GET"]}}],"collection":[{"href":"https:\/\/gardenparty.pl\/index.php\/wp-json\/wp\/v2\/pages"}],"about":[{"href":"https:\/\/gardenparty.pl\/index.php\/wp-json\/wp\/v2\/types\/page"}],"author":[{"embeddable":true,"href":"https:\/\/gardenparty.pl\/index.php\/wp-json\/wp\/v2\/users\/3"}],"replies":[{"embeddable":true,"href":"https:\/\/gardenparty.pl\/index.php\/wp-json\/wp\/v2\/comments?post=161"}],"version-history":[{"count":10,"href":"https:\/\/gardenparty.pl\/index.php\/wp-json\/wp\/v2\/pages\/161\/revisions"}],"predecessor-version":[{"id":247340,"href":"https:\/\/gardenparty.pl\/index.php\/wp-json\/wp\/v2\/pages\/161\/revisions\/247340"}],"wp:attachment":[{"href":"https:\/\/gardenparty.pl\/index.php\/wp-json\/wp\/v2\/media?parent=161"}],"curies":[{"name":"wp","href":"https:\/\/api.w.org\/{rel}","templated":true}]}}