{"id":167,"date":"2022-08-04T10:20:40","date_gmt":"2022-08-04T08:20:40","guid":{"rendered":"http:\/\/gardenparty.pl\/?page_id=167"},"modified":"2026-02-16T11:22:36","modified_gmt":"2026-02-16T10:22:36","slug":"pikniki-lodz","status":"publish","type":"page","link":"https:\/\/gardenparty.pl\/index.php\/pikniki-lodz\/","title":{"rendered":"Pikniki"},"content":{"rendered":"<div class=\"et_pb_section_0 et_pb_section et_section_regular et_block_section\"><div class=\"et_pb_row_0 et_pb_row et_block_row\"><div class=\"et_pb_column_0 et_pb_column et_pb_column_1_2 et_block_column et_pb_css_mix_blend_mode_passthrough\"><div class=\"et_pb_image_0 et_pb_image et_pb_module et_block_module\"><span class=\"et_pb_image_wrap\"><img loading=\"lazy\" decoding=\"async\" src=\"https:\/\/gardenparty.pl\/wp-content\/uploads\/2022\/09\/Depositphotos_52761105_l-2015.jpg\" width=\"1333\" height=\"2000\" srcset=\"https:\/\/gardenparty.pl\/wp-content\/uploads\/2022\/09\/Depositphotos_52761105_l-2015.jpg 1333w, https:\/\/gardenparty.pl\/wp-content\/uploads\/2022\/09\/Depositphotos_52761105_l-2015-1280x1920.jpg 1280w, https:\/\/gardenparty.pl\/wp-content\/uploads\/2022\/09\/Depositphotos_52761105_l-2015-980x1470.jpg 980w, https:\/\/gardenparty.pl\/wp-content\/uploads\/2022\/09\/Depositphotos_52761105_l-2015-480x720.jpg 480w\" sizes=\"(min-width: 0px) and (max-width: 480px) 480px, (min-width: 481px) and (max-width: 980px) 980px, (min-width: 981px) and (max-width: 1280px) 1280px, (min-width: 1281px) 1333px, 100vw\" class=\"wp-image-245844\" title=\"Depositphotos_52761105_l-2015\" \/><\/span><\/div><\/div><div class=\"et_pb_column_1 et_pb_column et_pb_column_1_2 et-last-child et_block_column et_pb_css_mix_blend_mode_passthrough\"><div class=\"et_pb_text_0 et_pb_text et_pb_bg_layout_light et_pb_module et_block_module et_pb_text_align_center\"><div class=\"et_pb_text_inner\"><h1><span style=\"color: #e48e0c;\">CATERING NA PIKNIKI<\/span> W \u0141ODZI I NIE TYLKO<\/h1>\n<\/div><\/div><div class=\"et_pb_text_1 et_pb_text et_pb_bg_layout_light et_pb_module et_block_module\"><div class=\"et_pb_text_inner\"><p>Gdy pogoda dopisuje, nie ma lepszego pomys\u0142u na organizacj\u0119 spotka\u0144 firmowych, rodzinnych czy wydarze\u0144 promocyjnych ni\u017c piknik. W\u0142a\u015bnie dlatego naszym klientom oferujemy kompleksow\u0105 obs\u0142ug\u0119 cateringow\u0105 na<span>\u00a0<\/span><strong>pikniki \u2013 \u0141\u00f3d\u017a<\/strong><span>\u00a0<\/span>to miasto, gdzie znajduje si\u0119 nasza siedziba, ale jeste\u015bmy do Pa\u0144stwa dyspozycji r\u00f3wnie\u017c w innych miejscowo\u015bciach na terenie ca\u0142ego kraju.<\/p>\n<p>Na udany piknik sk\u0142ada si\u0119 wiele element\u00f3w \u2013 oczywi\u015bcie, najwa\u017cniejszym z nich jest \u0142adna pogoda, kt\u00f3ra zach\u0119ca do zabawy na \u015bwie\u017cym powietrzu. Nie mo\u017cna jednak zapomina\u0107 tak\u017ce o innych wa\u017cnych kwestiach, kt\u00f3re powoduj\u0105, \u017ce piknik na pewno pozostanie w pami\u0119ci jego uczestnik\u00f3w na d\u0142ugi czas. Jako \u017ce przebywanie na zewn\u0105trz zaostrza apetyt, nie mo\u017cna zapomina\u0107 te\u017c o przygotowaniu pysznych da\u0144 dla go\u015bci. W tym celu najlepiej zdecydowa\u0107 si\u0119 na profesjonaln\u0105 obs\u0142ug\u0119 cateringow\u0105.<\/p>\n<p><strong>Najlepsze potrawy i przek\u0105ski na pikniki<\/strong><\/p>\n<p>W naszej firmie Garden Party posiadamy r\u00f3wnie\u017c do\u015bwiadczenie w obs\u0142udze cateringowej piknik\u00f3w firmowych oraz innych wydarze\u0144 na \u015bwie\u017cym powietrzu. Nasi mistrzowie kuchni przygotuj\u0105 na t\u0119 okazj\u0119 wy\u015bmienite dania ciep\u0142e i zimne, kt\u00f3re przypadn\u0105 do gustu wszystkim uczestnikom wydarzenia.<\/p>\n<p>Dzi\u0119ki naszemu wsparciu ka\u017cde urz\u0105dzane przez Pa\u0144stwa wydarzenie zapisze si\u0119 w pami\u0119ci go\u015bci jako to, podczas kt\u00f3rego mo\u017cna by\u0142o zasmakowa\u0107 w tak wielu pyszno\u015bciach. R\u00f3wnie\u017c naszym klientom zapewniamy pe\u0142n\u0105 obs\u0142ug\u0119 kucharsk\u0105 na miejscu, dostarczamy zastaw\u0119 sto\u0142ow\u0105, szk\u0142o i dekoracj\u0119 sto\u0142\u00f3w.<\/p>\n<p>Garden Party \u2013<strong><span>\u00a0<\/span>pikniki \u0141\u00f3d\u017a<\/strong><span>\u00a0<\/span>\u2013 zapraszamy serdecznie do wybrania naszych us\u0142ug!<\/p>\n<\/div><\/div><\/div><\/div><\/div>","protected":false},"excerpt":{"rendered":"","protected":false},"author":3,"featured_media":0,"parent":0,"menu_order":0,"comment_status":"closed","ping_status":"closed","template":"","meta":{"footnotes":""},"class_list":["post-167","page","type-page","status-publish","hentry"],"yoast_head":"<!-- This site is optimized with the Yoast SEO plugin v27.5 - https:\/\/yoast.com\/product\/yoast-seo-wordpress\/ -->\n<title>Pikniki \u0141\u00f3d\u017a - GARDEN PARTY<\/title>\n<meta name=\"robots\" content=\"index, follow, max-snippet:-1, max-image-preview:large, max-video-preview:-1\" \/>\n<link rel=\"canonical\" href=\"https:\/\/gardenparty.pl\/index.php\/pikniki-lodz\/\" \/>\n<meta property=\"og:locale\" content=\"pl_PL\" \/>\n<meta property=\"og:type\" content=\"article\" \/>\n<meta property=\"og:title\" content=\"Pikniki \u0141\u00f3d\u017a - GARDEN PARTY\" \/>\n<meta property=\"og:url\" content=\"https:\/\/gardenparty.pl\/index.php\/pikniki-lodz\/\" \/>\n<meta property=\"og:site_name\" content=\"GARDEN PARTY\" \/>\n<meta property=\"article:modified_time\" content=\"2026-02-16T10:22:36+00:00\" \/>\n<meta name=\"twitter:card\" content=\"summary_large_image\" \/>\n<meta name=\"twitter:label1\" content=\"Szacowany czas czytania\" \/>\n\t<meta name=\"twitter:data1\" content=\"2 minuty\" \/>\n<script type=\"application\/ld+json\" class=\"yoast-schema-graph\">{\"@context\":\"https:\\\/\\\/schema.org\",\"@graph\":[{\"@type\":\"WebPage\",\"@id\":\"https:\\\/\\\/gardenparty.pl\\\/index.php\\\/pikniki-lodz\\\/\",\"url\":\"https:\\\/\\\/gardenparty.pl\\\/index.php\\\/pikniki-lodz\\\/\",\"name\":\"Pikniki \u0141\u00f3d\u017a - GARDEN PARTY\",\"isPartOf\":{\"@id\":\"https:\\\/\\\/gardenparty.pl\\\/#website\"},\"datePublished\":\"2022-08-04T08:20:40+00:00\",\"dateModified\":\"2026-02-16T10:22:36+00:00\",\"breadcrumb\":{\"@id\":\"https:\\\/\\\/gardenparty.pl\\\/index.php\\\/pikniki-lodz\\\/#breadcrumb\"},\"inLanguage\":\"pl-PL\",\"potentialAction\":[{\"@type\":\"ReadAction\",\"target\":[\"https:\\\/\\\/gardenparty.pl\\\/index.php\\\/pikniki-lodz\\\/\"]}]},{\"@type\":\"BreadcrumbList\",\"@id\":\"https:\\\/\\\/gardenparty.pl\\\/index.php\\\/pikniki-lodz\\\/#breadcrumb\",\"itemListElement\":[{\"@type\":\"ListItem\",\"position\":1,\"name\":\"Strona g\u0142\u00f3wna\",\"item\":\"https:\\\/\\\/gardenparty.pl\\\/\"},{\"@type\":\"ListItem\",\"position\":2,\"name\":\"Pikniki\"}]},{\"@type\":\"WebSite\",\"@id\":\"https:\\\/\\\/gardenparty.pl\\\/#website\",\"url\":\"https:\\\/\\\/gardenparty.pl\\\/\",\"name\":\"GARDEN PARTY\",\"description\":\"Catering \u0141\u00f3d\u017a\",\"potentialAction\":[{\"@type\":\"SearchAction\",\"target\":{\"@type\":\"EntryPoint\",\"urlTemplate\":\"https:\\\/\\\/gardenparty.pl\\\/?s={search_term_string}\"},\"query-input\":{\"@type\":\"PropertyValueSpecification\",\"valueRequired\":true,\"valueName\":\"search_term_string\"}}],\"inLanguage\":\"pl-PL\"}]}<\/script>\n<!-- \/ Yoast SEO plugin. -->","yoast_head_json":{"title":"Pikniki \u0141\u00f3d\u017a - GARDEN PARTY","robots":{"index":"index","follow":"follow","max-snippet":"max-snippet:-1","max-image-preview":"max-image-preview:large","max-video-preview":"max-video-preview:-1"},"canonical":"https:\/\/gardenparty.pl\/index.php\/pikniki-lodz\/","og_locale":"pl_PL","og_type":"article","og_title":"Pikniki \u0141\u00f3d\u017a - GARDEN PARTY","og_url":"https:\/\/gardenparty.pl\/index.php\/pikniki-lodz\/","og_site_name":"GARDEN PARTY","article_modified_time":"2026-02-16T10:22:36+00:00","twitter_card":"summary_large_image","twitter_misc":{"Szacowany czas czytania":"2 minuty"},"schema":{"@context":"https:\/\/schema.org","@graph":[{"@type":"WebPage","@id":"https:\/\/gardenparty.pl\/index.php\/pikniki-lodz\/","url":"https:\/\/gardenparty.pl\/index.php\/pikniki-lodz\/","name":"Pikniki \u0141\u00f3d\u017a - GARDEN PARTY","isPartOf":{"@id":"https:\/\/gardenparty.pl\/#website"},"datePublished":"2022-08-04T08:20:40+00:00","dateModified":"2026-02-16T10:22:36+00:00","breadcrumb":{"@id":"https:\/\/gardenparty.pl\/index.php\/pikniki-lodz\/#breadcrumb"},"inLanguage":"pl-PL","potentialAction":[{"@type":"ReadAction","target":["https:\/\/gardenparty.pl\/index.php\/pikniki-lodz\/"]}]},{"@type":"BreadcrumbList","@id":"https:\/\/gardenparty.pl\/index.php\/pikniki-lodz\/#breadcrumb","itemListElement":[{"@type":"ListItem","position":1,"name":"Strona g\u0142\u00f3wna","item":"https:\/\/gardenparty.pl\/"},{"@type":"ListItem","position":2,"name":"Pikniki"}]},{"@type":"WebSite","@id":"https:\/\/gardenparty.pl\/#website","url":"https:\/\/gardenparty.pl\/","name":"GARDEN PARTY","description":"Catering \u0141\u00f3d\u017a","potentialAction":[{"@type":"SearchAction","target":{"@type":"EntryPoint","urlTemplate":"https:\/\/gardenparty.pl\/?s={search_term_string}"},"query-input":{"@type":"PropertyValueSpecification","valueRequired":true,"valueName":"search_term_string"}}],"inLanguage":"pl-PL"}]}},"_links":{"self":[{"href":"https:\/\/gardenparty.pl\/index.php\/wp-json\/wp\/v2\/pages\/167","targetHints":{"allow":["GET"]}}],"collection":[{"href":"https:\/\/gardenparty.pl\/index.php\/wp-json\/wp\/v2\/pages"}],"about":[{"href":"https:\/\/gardenparty.pl\/index.php\/wp-json\/wp\/v2\/types\/page"}],"author":[{"embeddable":true,"href":"https:\/\/gardenparty.pl\/index.php\/wp-json\/wp\/v2\/users\/3"}],"replies":[{"embeddable":true,"href":"https:\/\/gardenparty.pl\/index.php\/wp-json\/wp\/v2\/comments?post=167"}],"version-history":[{"count":18,"href":"https:\/\/gardenparty.pl\/index.php\/wp-json\/wp\/v2\/pages\/167\/revisions"}],"predecessor-version":[{"id":247341,"href":"https:\/\/gardenparty.pl\/index.php\/wp-json\/wp\/v2\/pages\/167\/revisions\/247341"}],"wp:attachment":[{"href":"https:\/\/gardenparty.pl\/index.php\/wp-json\/wp\/v2\/media?parent=167"}],"curies":[{"name":"wp","href":"https:\/\/api.w.org\/{rel}","templated":true}]}}