{"id":245600,"date":"2022-08-10T14:44:02","date_gmt":"2022-08-10T12:44:02","guid":{"rendered":"http:\/\/gardenparty.pl\/?page_id=245600"},"modified":"2026-02-16T11:22:38","modified_gmt":"2026-02-16T10:22:38","slug":"oferta","status":"publish","type":"page","link":"https:\/\/gardenparty.pl\/index.php\/oferta\/","title":{"rendered":"Oferta"},"content":{"rendered":"<div class=\"et_pb_section_0 et_pb_section et_section_regular et_block_section\"><div class=\"et_pb_row_0 et_pb_row et_block_row\"><div class=\"et_pb_column_0 et_pb_column et_pb_column_4_4 et-last-child et_block_column et_pb_css_mix_blend_mode_passthrough\"><div class=\"et_pb_text_0 et_pb_text et_pb_bg_layout_light et_pb_module et_block_module\"><div class=\"et_pb_text_inner\"><h1 style=\"text-align: center;\">OFERTA<\/h1>\n<\/div><\/div><div class=\"et_pb_divider_0 et_pb_divider et_pb_space et_pb_divider_position_top et_pb_module\"><div class=\"et_pb_divider_internal\"><\/div><\/div><\/div><\/div><div class=\"et_pb_row_1 et_pb_row et_block_row\"><div class=\"et_pb_column_1 et_pb_column et_pb_column_4_4 et-last-child et_block_column et_pb_css_mix_blend_mode_passthrough\"><div class=\"et_pb_text_1 et_pb_text et_pb_bg_layout_light et_pb_module et_block_module\"><div class=\"et_pb_text_inner\"><h1>PROFESJONALNE<span>\u00a0<\/span><span style=\"color: #e18700;\">US\u0141UGI CATERINGOWE<\/span><\/h1>\n<\/div><\/div><\/div><\/div><div class=\"et_pb_row_2 et_pb_row et_block_row\"><div class=\"et_pb_column_2 et_pb_column et_pb_column_1_3 et_block_column et_pb_css_mix_blend_mode_passthrough et_clickable\"><div class=\"et_pb_image_0 et_pb_image et_pb_module et_block_module\"><span class=\"et_pb_image_wrap\"><img loading=\"lazy\" decoding=\"async\" src=\"https:\/\/gardenparty.pl\/wp-content\/uploads\/2022\/09\/bankiety123.jpg\" width=\"1200\" height=\"795\" srcset=\"https:\/\/gardenparty.pl\/wp-content\/uploads\/2022\/09\/bankiety123.jpg 1200w, https:\/\/gardenparty.pl\/wp-content\/uploads\/2022\/09\/bankiety123-980x649.jpg 980w, https:\/\/gardenparty.pl\/wp-content\/uploads\/2022\/09\/bankiety123-480x318.jpg 480w\" sizes=\"(min-width: 0px) and (max-width: 480px) 480px, (min-width: 481px) and (max-width: 980px) 980px, (min-width: 981px) 1200px, 100vw\" class=\"wp-image-245824\" title=\"bankiety123\" \/><\/span><\/div><div class=\"et_pb_text_2 et_pb_text et_pb_bg_layout_light et_pb_module et_block_module\"><div class=\"et_pb_text_inner\"><p>OBS\u0141UGA BANKIET\u00d3W<\/p>\n<\/div><\/div><\/div><div class=\"et_pb_column_3 et_pb_column et_pb_column_1_3 et_block_column et_pb_css_mix_blend_mode_passthrough et_clickable\"><div class=\"et_pb_image_1 et_pb_image et_pb_module et_block_module\"><span class=\"et_pb_image_wrap\"><img loading=\"lazy\" decoding=\"async\" src=\"https:\/\/gardenparty.pl\/wp-content\/uploads\/2022\/09\/123.jpg\" width=\"1200\" height=\"795\" srcset=\"https:\/\/gardenparty.pl\/wp-content\/uploads\/2022\/09\/123.jpg 1200w, https:\/\/gardenparty.pl\/wp-content\/uploads\/2022\/09\/123-980x649.jpg 980w, https:\/\/gardenparty.pl\/wp-content\/uploads\/2022\/09\/123-480x318.jpg 480w\" sizes=\"(min-width: 0px) and (max-width: 480px) 480px, (min-width: 481px) and (max-width: 980px) 980px, (min-width: 981px) 1200px, 100vw\" class=\"wp-image-245825\" title=\"123\" \/><\/span><\/div><div class=\"et_pb_text_3 et_pb_text et_pb_bg_layout_light et_pb_module et_block_module\"><div class=\"et_pb_text_inner\"><p>PIKNIKI<\/p>\n<\/div><\/div><\/div><div class=\"et_pb_column_4 et_pb_column et_pb_column_1_3 et-last-child et_block_column et_pb_css_mix_blend_mode_passthrough et_clickable\"><div class=\"et_pb_image_2 et_pb_image et_pb_module et_block_module\"><span class=\"et_pb_image_wrap\"><img loading=\"lazy\" decoding=\"async\" src=\"https:\/\/gardenparty.pl\/wp-content\/uploads\/2022\/09\/bankiety123.jpg\" width=\"1200\" height=\"795\" srcset=\"https:\/\/gardenparty.pl\/wp-content\/uploads\/2022\/09\/bankiety123.jpg 1200w, https:\/\/gardenparty.pl\/wp-content\/uploads\/2022\/09\/bankiety123-980x649.jpg 980w, https:\/\/gardenparty.pl\/wp-content\/uploads\/2022\/09\/bankiety123-480x318.jpg 480w\" sizes=\"(min-width: 0px) and (max-width: 480px) 480px, (min-width: 481px) and (max-width: 980px) 980px, (min-width: 981px) 1200px, 100vw\" class=\"wp-image-245824\" title=\"bankiety123\" \/><\/span><\/div><div class=\"et_pb_text_4 et_pb_text et_pb_bg_layout_light et_pb_module et_block_module\"><div class=\"et_pb_text_inner\"><p>KONFERENCJE, SZKOLENIA, IMPREZY FIRMOWE<\/p>\n<\/div><\/div><\/div><\/div><div class=\"et_pb_row_3 et_pb_row et_block_row\"><div class=\"et_pb_column_5 et_pb_column et_pb_column_4_4 et-last-child et_block_column et_pb_css_mix_blend_mode_passthrough et_clickable\"><div class=\"et_pb_text_5 et_pb_text et_pb_bg_layout_light et_pb_module et_block_module\"><div class=\"et_pb_text_inner\"><p>ZAPRASZAMY DO ZAPOZNANIA SI\u0118 Z NASZ\u0104 OFERT\u0104<\/p>\n<\/div><\/div><div class=\"et_pb_text_6 et_pb_text et_pb_bg_layout_light et_pb_module et_block_module\"><div class=\"et_pb_text_inner\"><p>Przedsi\u0119biorstwo Garden Party z \u0141odzi specjalizuje si\u0119 w \u015bwiadczeniu us\u0142ug cateringowych dla wszystkich rodzaj\u00f3w klient\u00f3w. Zapewniamy rzeteln\u0105, fachow\u0105 i kompleksow\u0105 obs\u0142ug\u0119 wszelkiego typu imprez i event\u00f3w.<\/p>\n<\/div><\/div><\/div><\/div><div class=\"et_pb_row_4 et_pb_row et_pb_gutters1 et_block_row\"><div class=\"et_pb_column_6 et_pb_column et_pb_column_1_2 et_block_column et_pb_css_mix_blend_mode_passthrough\"><div class=\"et_pb_text_7 et_pb_text et_pb_bg_layout_light et_pb_module et_block_module\"><div class=\"et_pb_text_inner\"><p><strong><span style=\"color: #000000;\">Organizujemy:<\/span><\/strong><\/p>\n<ul>\n<li>Bankiety i koktajle firmowe<\/li>\n<li>Bale<\/li>\n<li>Pikniki<\/li>\n<li>Imprezy okoliczno\u015bciowe<\/li>\n<li>Wesela i konsolacje<\/li>\n<li>Komunie i chrzciny<\/li>\n<li>Wigilie<\/li>\n<li>Jajeczko firmowe<\/li>\n<li>Konferencje i szkolenia<\/li>\n<li>Lunche biznesowe<\/li>\n<li>Eventy<\/li>\n<\/ul>\n<\/div><\/div><\/div><div class=\"et_pb_column_7 et_pb_column et_pb_column_1_2 et-last-child et_block_column et_pb_css_mix_blend_mode_passthrough\"><div class=\"et_pb_gallery_0 et_pb_gallery et_pb_bg_layout_light et_pb_gallery_grid et_pb_module\" data-auto-rotate=\"off\" data-auto-rotate-speed=\"\"><div class=\"et_pb_gallery_items et_post_gallery clearfix et_grid_module\" data-per_page=\"4\"><div class=\"et_pb_gallery_item et_pb_grid_item et_pb_gallery_item_0_0\"><div class=\"et_pb_gallery_image landscape\" data-per_page=\"4\"><a href=\"https:\/\/gardenparty.pl\/wp-content\/uploads\/2022\/09\/oferta_garden_party_1.jpg\" title=\"oferta_garden_party_1\"><img loading=\"lazy\" decoding=\"async\" width=\"400\" height=\"284\" src=\"https:\/\/gardenparty.pl\/wp-content\/uploads\/2022\/09\/oferta_garden_party_1-400x284.jpg\" alt=\"\" class=\"wp-image-245829\" srcset=\"https:\/\/gardenparty.pl\/wp-content\/uploads\/2022\/09\/oferta_garden_party_1.jpg 479w, https:\/\/gardenparty.pl\/wp-content\/uploads\/2022\/09\/oferta_garden_party_1-400x284.jpg 480w\" sizes=\"(max-width:479px) 479px, 100vw\" \/><span class=\"et_overlay\" data-icon=\"\" data-icon-tablet=\"\" data-icon-phone=\"\"><\/span><\/a><\/div><\/div><div class=\"et_pb_gallery_item et_pb_grid_item et_pb_gallery_item_0_1\"><div class=\"et_pb_gallery_image landscape\" data-per_page=\"4\"><a href=\"https:\/\/gardenparty.pl\/wp-content\/uploads\/2022\/09\/oferta_garden_party_2.jpg\" title=\"oferta_garden_party_2\"><img loading=\"lazy\" decoding=\"async\" width=\"400\" height=\"284\" src=\"https:\/\/gardenparty.pl\/wp-content\/uploads\/2022\/09\/oferta_garden_party_2-400x284.jpg\" alt=\"\" class=\"wp-image-245830\" srcset=\"https:\/\/gardenparty.pl\/wp-content\/uploads\/2022\/09\/oferta_garden_party_2.jpg 479w, https:\/\/gardenparty.pl\/wp-content\/uploads\/2022\/09\/oferta_garden_party_2-400x284.jpg 480w\" sizes=\"(max-width:479px) 479px, 100vw\" \/><span class=\"et_overlay\" data-icon=\"\" data-icon-tablet=\"\" data-icon-phone=\"\"><\/span><\/a><\/div><\/div><div class=\"et_pb_gallery_item et_pb_grid_item et_pb_gallery_item_0_2\"><div class=\"et_pb_gallery_image landscape\" data-per_page=\"4\"><a href=\"https:\/\/gardenparty.pl\/wp-content\/uploads\/2022\/09\/oferta_garden_party_3.jpg\" title=\"oferta_garden_party_3\"><img loading=\"lazy\" decoding=\"async\" width=\"400\" height=\"284\" src=\"https:\/\/gardenparty.pl\/wp-content\/uploads\/2022\/09\/oferta_garden_party_3-400x284.jpg\" alt=\"\" class=\"wp-image-245831\" srcset=\"https:\/\/gardenparty.pl\/wp-content\/uploads\/2022\/09\/oferta_garden_party_3.jpg 479w, https:\/\/gardenparty.pl\/wp-content\/uploads\/2022\/09\/oferta_garden_party_3-400x284.jpg 480w\" sizes=\"(max-width:479px) 479px, 100vw\" \/><span class=\"et_overlay\" data-icon=\"\" data-icon-tablet=\"\" data-icon-phone=\"\"><\/span><\/a><\/div><\/div><div class=\"et_pb_gallery_item et_pb_grid_item et_pb_gallery_item_0_3\"><div class=\"et_pb_gallery_image landscape\" data-per_page=\"4\"><a href=\"https:\/\/gardenparty.pl\/wp-content\/uploads\/2022\/09\/oferta_garden_party_4.jpg\" title=\"oferta_garden_party_4\"><img loading=\"lazy\" decoding=\"async\" width=\"400\" height=\"284\" src=\"https:\/\/gardenparty.pl\/wp-content\/uploads\/2022\/09\/oferta_garden_party_4-400x284.jpg\" alt=\"\" class=\"wp-image-245832\" srcset=\"https:\/\/gardenparty.pl\/wp-content\/uploads\/2022\/09\/oferta_garden_party_4.jpg 479w, https:\/\/gardenparty.pl\/wp-content\/uploads\/2022\/09\/oferta_garden_party_4-400x284.jpg 480w\" sizes=\"(max-width:479px) 479px, 100vw\" \/><span class=\"et_overlay\" data-icon=\"\" data-icon-tablet=\"\" data-icon-phone=\"\"><\/span><\/a><\/div><\/div><\/div><\/div><\/div><\/div><div class=\"et_pb_row_5 et_pb_row et_block_row\"><div class=\"et_pb_column_8 et_pb_column et_pb_column_4_4 et-last-child et_block_column et_pb_css_mix_blend_mode_passthrough\"><div class=\"et_pb_text_8 et_pb_text et_pb_bg_layout_light et_pb_module et_block_module\"><div class=\"et_pb_text_inner\"><p>Naszym klientom s\u0142u\u017cymy pomoc\u0105 w kwestii doboru w\u0142a\u015bciwego miejsca dla zorganizowania imprezy integracyjnej, bankietu czy pikniku firmowego.<\/p>\n<ul>\n<li>Us\u0142ugi cateringowe<span>\u00a0<\/span>realizujemy na terenie ca\u0142ej Polski.<\/li>\n<li>Organizujemy imprezy do 3000 os\u00f3b<\/li>\n<li>Do ka\u017cdego klienta podchodzimy indywidualnie i szukamy oryginalnych rozwi\u0105za\u0144<\/li>\n<li>Realizujemy wszystkie kulinarne \u017cyczenia naszych klient\u00f3w.<\/li>\n<\/ul>\n<div class=\"separator  transparent center  \"><\/div>\n<p><strong>Dostarczamy kanapki i tartinki do firm.<\/strong><\/p>\n<\/div><\/div><\/div><\/div><\/div>","protected":false},"excerpt":{"rendered":"","protected":false},"author":3,"featured_media":0,"parent":0,"menu_order":0,"comment_status":"closed","ping_status":"closed","template":"","meta":{"footnotes":""},"class_list":["post-245600","page","type-page","status-publish","hentry"],"yoast_head":"<!-- This site is optimized with the Yoast SEO plugin v27.4 - https:\/\/yoast.com\/product\/yoast-seo-wordpress\/ -->\n<title>Oferta - GARDEN PARTY<\/title>\n<meta name=\"robots\" content=\"index, follow, max-snippet:-1, max-image-preview:large, max-video-preview:-1\" \/>\n<link rel=\"canonical\" href=\"https:\/\/gardenparty.pl\/index.php\/oferta\/\" \/>\n<meta property=\"og:locale\" content=\"pl_PL\" \/>\n<meta property=\"og:type\" content=\"article\" \/>\n<meta property=\"og:title\" content=\"Oferta - GARDEN PARTY\" \/>\n<meta property=\"og:url\" content=\"https:\/\/gardenparty.pl\/index.php\/oferta\/\" \/>\n<meta property=\"og:site_name\" content=\"GARDEN PARTY\" \/>\n<meta property=\"article:modified_time\" content=\"2026-02-16T10:22:38+00:00\" \/>\n<meta name=\"twitter:card\" content=\"summary_large_image\" \/>\n<script type=\"application\/ld+json\" class=\"yoast-schema-graph\">{\"@context\":\"https:\\\/\\\/schema.org\",\"@graph\":[{\"@type\":\"WebPage\",\"@id\":\"https:\\\/\\\/gardenparty.pl\\\/index.php\\\/oferta\\\/\",\"url\":\"https:\\\/\\\/gardenparty.pl\\\/index.php\\\/oferta\\\/\",\"name\":\"Oferta - GARDEN PARTY\",\"isPartOf\":{\"@id\":\"https:\\\/\\\/gardenparty.pl\\\/#website\"},\"datePublished\":\"2022-08-10T12:44:02+00:00\",\"dateModified\":\"2026-02-16T10:22:38+00:00\",\"breadcrumb\":{\"@id\":\"https:\\\/\\\/gardenparty.pl\\\/index.php\\\/oferta\\\/#breadcrumb\"},\"inLanguage\":\"pl-PL\",\"potentialAction\":[{\"@type\":\"ReadAction\",\"target\":[\"https:\\\/\\\/gardenparty.pl\\\/index.php\\\/oferta\\\/\"]}]},{\"@type\":\"BreadcrumbList\",\"@id\":\"https:\\\/\\\/gardenparty.pl\\\/index.php\\\/oferta\\\/#breadcrumb\",\"itemListElement\":[{\"@type\":\"ListItem\",\"position\":1,\"name\":\"Strona g\u0142\u00f3wna\",\"item\":\"https:\\\/\\\/gardenparty.pl\\\/\"},{\"@type\":\"ListItem\",\"position\":2,\"name\":\"Oferta\"}]},{\"@type\":\"WebSite\",\"@id\":\"https:\\\/\\\/gardenparty.pl\\\/#website\",\"url\":\"https:\\\/\\\/gardenparty.pl\\\/\",\"name\":\"GARDEN PARTY\",\"description\":\"Catering \u0141\u00f3d\u017a\",\"potentialAction\":[{\"@type\":\"SearchAction\",\"target\":{\"@type\":\"EntryPoint\",\"urlTemplate\":\"https:\\\/\\\/gardenparty.pl\\\/?s={search_term_string}\"},\"query-input\":{\"@type\":\"PropertyValueSpecification\",\"valueRequired\":true,\"valueName\":\"search_term_string\"}}],\"inLanguage\":\"pl-PL\"}]}<\/script>\n<!-- \/ Yoast SEO plugin. -->","yoast_head_json":{"title":"Oferta - GARDEN PARTY","robots":{"index":"index","follow":"follow","max-snippet":"max-snippet:-1","max-image-preview":"max-image-preview:large","max-video-preview":"max-video-preview:-1"},"canonical":"https:\/\/gardenparty.pl\/index.php\/oferta\/","og_locale":"pl_PL","og_type":"article","og_title":"Oferta - GARDEN PARTY","og_url":"https:\/\/gardenparty.pl\/index.php\/oferta\/","og_site_name":"GARDEN PARTY","article_modified_time":"2026-02-16T10:22:38+00:00","twitter_card":"summary_large_image","schema":{"@context":"https:\/\/schema.org","@graph":[{"@type":"WebPage","@id":"https:\/\/gardenparty.pl\/index.php\/oferta\/","url":"https:\/\/gardenparty.pl\/index.php\/oferta\/","name":"Oferta - GARDEN PARTY","isPartOf":{"@id":"https:\/\/gardenparty.pl\/#website"},"datePublished":"2022-08-10T12:44:02+00:00","dateModified":"2026-02-16T10:22:38+00:00","breadcrumb":{"@id":"https:\/\/gardenparty.pl\/index.php\/oferta\/#breadcrumb"},"inLanguage":"pl-PL","potentialAction":[{"@type":"ReadAction","target":["https:\/\/gardenparty.pl\/index.php\/oferta\/"]}]},{"@type":"BreadcrumbList","@id":"https:\/\/gardenparty.pl\/index.php\/oferta\/#breadcrumb","itemListElement":[{"@type":"ListItem","position":1,"name":"Strona g\u0142\u00f3wna","item":"https:\/\/gardenparty.pl\/"},{"@type":"ListItem","position":2,"name":"Oferta"}]},{"@type":"WebSite","@id":"https:\/\/gardenparty.pl\/#website","url":"https:\/\/gardenparty.pl\/","name":"GARDEN PARTY","description":"Catering \u0141\u00f3d\u017a","potentialAction":[{"@type":"SearchAction","target":{"@type":"EntryPoint","urlTemplate":"https:\/\/gardenparty.pl\/?s={search_term_string}"},"query-input":{"@type":"PropertyValueSpecification","valueRequired":true,"valueName":"search_term_string"}}],"inLanguage":"pl-PL"}]}},"_links":{"self":[{"href":"https:\/\/gardenparty.pl\/index.php\/wp-json\/wp\/v2\/pages\/245600","targetHints":{"allow":["GET"]}}],"collection":[{"href":"https:\/\/gardenparty.pl\/index.php\/wp-json\/wp\/v2\/pages"}],"about":[{"href":"https:\/\/gardenparty.pl\/index.php\/wp-json\/wp\/v2\/types\/page"}],"author":[{"embeddable":true,"href":"https:\/\/gardenparty.pl\/index.php\/wp-json\/wp\/v2\/users\/3"}],"replies":[{"embeddable":true,"href":"https:\/\/gardenparty.pl\/index.php\/wp-json\/wp\/v2\/comments?post=245600"}],"version-history":[{"count":15,"href":"https:\/\/gardenparty.pl\/index.php\/wp-json\/wp\/v2\/pages\/245600\/revisions"}],"predecessor-version":[{"id":247343,"href":"https:\/\/gardenparty.pl\/index.php\/wp-json\/wp\/v2\/pages\/245600\/revisions\/247343"}],"wp:attachment":[{"href":"https:\/\/gardenparty.pl\/index.php\/wp-json\/wp\/v2\/media?parent=245600"}],"curies":[{"name":"wp","href":"https:\/\/api.w.org\/{rel}","templated":true}]}}