{"id":245790,"date":"2022-08-16T14:57:15","date_gmt":"2022-08-16T12:57:15","guid":{"rendered":"http:\/\/gardenparty.pl\/?page_id=245790"},"modified":"2026-02-16T11:22:39","modified_gmt":"2026-02-16T10:22:39","slug":"wigilia","status":"publish","type":"page","link":"https:\/\/gardenparty.pl\/index.php\/wigilia\/","title":{"rendered":"Wigilia"},"content":{"rendered":"<div class=\"et_pb_section_0 et_pb_section et_section_regular et_block_section\"><div class=\"et_pb_row_0 et_pb_row et_pb_gutters1 et_block_row\"><div class=\"et_pb_column_0 et_pb_column et_pb_column_4_4 et-last-child et_block_column et_pb_css_mix_blend_mode_passthrough\"><div class=\"et_pb_text_0 et_pb_text et_pb_bg_layout_light et_pb_module et_block_module\"><div class=\"et_pb_text_inner\"><p style=\"text-align: center;\">Zam\u00f3wienia przyjmujemy mailowo: <a href=\"mailto:gp@gardenparty.pl\">gp@gardenparty.pl<\/a> lub telefonicznie: <a href=\"tel:.42%20211 25 82\">42 211 25 82<\/a>, do dnia <span style=\"text-decoration: underline;\"><span style=\"color: #ff0000; text-decoration: underline;\">20.12.2025<\/span><\/span><\/p>\n<\/div><\/div><div class=\"et_pb_text_1 et_pb_text et_pb_bg_layout_light et_pb_module et_block_module\"><div class=\"et_pb_text_inner\"><p style=\"text-align: center;\">odbi\u00f3r w restauracji Fabryka Przysmak\u00f3w w Konstantynowie \u0141\u00f3dzkim<\/p>\n<\/div><\/div><\/div><\/div><div class=\"et_pb_row_1 et_pb_row et_block_row\"><div class=\"et_pb_column_1 et_pb_column et_pb_column_4_4 et-last-child et_block_column et_pb_css_mix_blend_mode_passthrough\"><div class=\"et_pb_image_0 et_pb_image et_pb_module et_block_module\"><span class=\"et_pb_image_wrap\"><img loading=\"lazy\" decoding=\"async\" src=\"https:\/\/gardenparty.pl\/wp-content\/uploads\/2024\/12\/Projekt-bez-nazwy-18.jpg\" width=\"2000\" height=\"450\" srcset=\"https:\/\/gardenparty.pl\/wp-content\/uploads\/2024\/12\/Projekt-bez-nazwy-18.jpg 2000w, https:\/\/gardenparty.pl\/wp-content\/uploads\/2024\/12\/Projekt-bez-nazwy-18-1280x288.jpg 1280w, https:\/\/gardenparty.pl\/wp-content\/uploads\/2024\/12\/Projekt-bez-nazwy-18-980x221.jpg 980w, https:\/\/gardenparty.pl\/wp-content\/uploads\/2024\/12\/Projekt-bez-nazwy-18-480x108.jpg 480w\" sizes=\"(min-width: 0px) and (max-width: 480px) 480px, (min-width: 481px) and (max-width: 980px) 980px, (min-width: 981px) and (max-width: 1280px) 1280px, (min-width: 1281px) 2000px, 100vw\" class=\"wp-image-247316\" title=\"Projekt bez nazwy (18)\" \/><\/span><\/div><\/div><\/div><\/div><div class=\"et_pb_section_1 et_pb_section et_section_regular et_block_section\"><div class=\"et_pb_row_2 et_pb_row et_pb_gutters1 et_block_row\"><div class=\"et_pb_column_2 et_pb_column et_pb_column_1_3 et_block_column et_pb_css_mix_blend_mode_passthrough\"><div class=\"et_pb_divider_0 et_pb_divider et_pb_space et_pb_divider_position_center et_pb_module\"><div class=\"et_pb_divider_internal\"><\/div><\/div><\/div><div class=\"et_pb_column_3 et_pb_column et_pb_column_1_3 et_block_column et_pb_css_mix_blend_mode_passthrough\"><div class=\"et_pb_text_2 et_pb_text et_pb_bg_layout_light et_pb_module et_block_module\"><div class=\"et_pb_text_inner\"><p style=\"text-align: center;\"><em>GARDEN PARTY \u2013 OFERTA WIGILIJNA<\/em><\/p>\n<\/div><\/div><\/div><div class=\"et_pb_column_4 et_pb_column et_pb_column_1_3 et-last-child et_block_column et_pb_css_mix_blend_mode_passthrough\"><div class=\"et_pb_divider_1 et_pb_divider et_pb_space et_pb_divider_position_center et_pb_module\"><div class=\"et_pb_divider_internal\"><\/div><\/div><\/div><\/div><div class=\"et_pb_row_3 et_pb_row et_block_row\"><div class=\"et_pb_column_5 et_pb_column et_pb_column_1_2 et_block_column et_pb_css_mix_blend_mode_passthrough\"><div class=\"et_pb_text_3 et_pb_text et_pb_bg_layout_light et_pb_module et_block_module\"><div class=\"et_pb_text_inner\" data-et-mv-hidden-tablet=\"true\"><p style=\"text-align: right;\">DANIA CIEP\u0141E DO WYBORU:<\/p>\n<\/div><\/div><div class=\"et_pb_text_4 et_pb_text et_pb_bg_layout_light et_pb_module et_block_module preset--module--divi-text--1f09816e-184e-4ce5-a4cf-b39c52c423ca\"><div class=\"et_pb_text_inner\" data-et-mv-hidden-tablet=\"true\" data-et-mv-hidden-phone=\"true\"><p style=\"text-align: right;\">Zupa grzybowa z \u0142azankami <strong>14,00 z\u0142 \/ 350ml<\/strong><\/p>\n<p style=\"text-align: right;\">Barszcz czerwony z uszkami wigilijnymi <strong>10,00 z\u0142 \/ 350ml<\/strong><\/p>\n<p style=\"text-align: right;\">Piero\u017cki z kapust\u0105 i grzybami <strong>55,00 z\u0142 \/ kg (ok. 25 szt.)<\/strong><\/p>\n<p style=\"text-align: right;\">Filet z karpia sma\u017cony <strong>20,00 z\u0142 \/ 130g<\/strong><\/p>\n<p style=\"text-align: right;\">Filet z \u0142ososia pieczony <strong>27,00 z\u0142 \/ 150g<\/strong><\/p>\n<p style=\"text-align: right;\">Filet z miruny panierowany <strong>20,00 z\u0142 \/ 150g<\/strong><\/p>\n<p style=\"text-align: right;\">Kapusta z grochem <strong>50,00 z\u0142 \/ kg<\/strong><\/p>\n<p style=\"text-align: right;\">Kapusta z grzybami <strong>60,00 z\u0142 \/ kg<\/strong><\/p>\n<p style=\"text-align: right;\">Krokiety z kapust\u0105 i grzybami <strong>7,00 z\u0142 \/ szt.<\/strong><\/p>\n<p style=\"text-align: right;\">\n<p style=\"text-align: right;\">\n<p style=\"text-align: right;\">Bigos\u00a0 <strong>50,00 z\u0142 \/ 1kg<\/strong><br \/>Schab ze \u015bliwk\u0105 <strong>65,00 z\u0142 \/ 1kg<\/strong><br \/>Karczek pieczony <strong>60,00 z\u0142 \/\u00a0 1kg<\/strong><br \/>Rolada z boczku <strong>70,00 z\u0142 \/ 1kg<\/strong><\/p>\n<\/div><\/div><\/div><div class=\"et_pb_column_6 et_pb_column et_pb_column_1_2 et-last-child et_block_column et_pb_css_mix_blend_mode_passthrough\"><div class=\"et_pb_image_1 et_pb_image et_pb_module et_block_module\"><span class=\"et_pb_image_wrap\"><img loading=\"lazy\" decoding=\"async\" src=\"https:\/\/gardenparty.pl\/wp-content\/uploads\/2022\/08\/Projekt-bez-tytulu-2022-08-17T124321.084.jpg\" width=\"400\" height=\"500\" srcset=\"https:\/\/gardenparty.pl\/wp-content\/uploads\/2022\/08\/Projekt-bez-tytulu-2022-08-17T124321.084.jpg 400w, https:\/\/gardenparty.pl\/wp-content\/uploads\/2022\/08\/Projekt-bez-tytulu-2022-08-17T124321.084-240x300.jpg 240w\" sizes=\"(max-width: 400px) 100vw, 400px\" class=\"wp-image-245805\" title=\"Projekt bez tytu\u0142u - 2022-08-17T124321.084\" \/><\/span><\/div><\/div><\/div><div class=\"et_pb_row_4 et_pb_row et_block_row\"><div class=\"et_pb_column_7 et_pb_column et_pb_column_1_2 et_block_column et_pb_css_mix_blend_mode_passthrough\"><div class=\"et_pb_image_2 et_pb_image et_pb_module et_block_module\"><span class=\"et_pb_image_wrap\"><img loading=\"lazy\" decoding=\"async\" src=\"https:\/\/gardenparty.pl\/wp-content\/uploads\/2022\/08\/Projekt-bez-tytulu-2022-08-17T124650.034.jpg\" width=\"400\" height=\"500\" srcset=\"https:\/\/gardenparty.pl\/wp-content\/uploads\/2022\/08\/Projekt-bez-tytulu-2022-08-17T124650.034.jpg 400w, https:\/\/gardenparty.pl\/wp-content\/uploads\/2022\/08\/Projekt-bez-tytulu-2022-08-17T124650.034-240x300.jpg 240w\" sizes=\"(max-width: 400px) 100vw, 400px\" class=\"wp-image-245806\" title=\"Projekt bez tytu\u0142u - 2022-08-17T124650.034\" \/><\/span><\/div><\/div><div class=\"et_pb_column_8 et_pb_column et_pb_column_1_2 et-last-child et_block_column et_pb_css_mix_blend_mode_passthrough\"><div class=\"et_pb_text_5 et_pb_text et_pb_bg_layout_light et_pb_module et_block_module\"><div class=\"et_pb_text_inner\" data-et-mv-hidden-tablet=\"true\"><p style=\"text-align: left;\">ZAK\u0104SKI ZIMNE DO WYBORU:<\/p>\n<\/div><\/div><div class=\"et_pb_text_6 et_pb_text et_pb_bg_layout_light et_pb_module et_block_module preset--module--divi-text--1f09816e-184e-4ce5-a4cf-b39c52c423ca\"><div class=\"et_pb_text_inner\" data-et-mv-hidden-tablet=\"true\" data-et-mv-hidden-phone=\"true\"><p style=\"text-align: left;\">Karp w galarecie <strong>22,00 z\u0142 porcja (na kilogram 5 porcji)<\/strong><\/p>\n<p style=\"text-align: left;\">Ryba po grecku <strong>20 z\u0142 \/ porcja<\/strong><\/p>\n<p style=\"text-align: left;\">Sa\u0142atka jarzynowa <strong>50,00 z\u0142 \/ kg<\/strong><\/p>\n<p style=\"text-align: left;\">Sa\u0142atka pieczarkowa <strong>60,00 z\u0142 \/ kg<\/strong><\/p>\n<p style=\"text-align: left;\">\u015aled\u017a w \u015bmietanie <strong>7,00 z\u0142 \/ 100g<\/strong><\/p>\n<p style=\"text-align: left;\">\u015aled\u017a w oleju <strong>7,00 \/ 100g<\/strong><\/p>\n<p style=\"text-align: left;\">Makie\u0142ki <strong>50 z\u0142 \/ kg<\/strong><\/p>\n<\/div><\/div><\/div><\/div><div class=\"et_pb_row_5 et_pb_row et-vb-row--no-module et_pb_gutters2 et_block_row\"><div class=\"et_pb_column_9 et_pb_column et_pb_column_1_2 et_block_column et_pb_column_empty et_pb_css_mix_blend_mode_passthrough\"><\/div><div class=\"et_pb_column_10 et_pb_column et_pb_column_1_2 et-last-child et_block_column et_pb_column_empty et_pb_css_mix_blend_mode_passthrough\"><\/div><\/div><\/div>","protected":false},"excerpt":{"rendered":"","protected":false},"author":3,"featured_media":0,"parent":0,"menu_order":0,"comment_status":"closed","ping_status":"closed","template":"","meta":{"footnotes":""},"class_list":["post-245790","page","type-page","status-publish","hentry"],"yoast_head":"<!-- This site is optimized with the Yoast SEO plugin v27.5 - https:\/\/yoast.com\/product\/yoast-seo-wordpress\/ -->\n<title>Wigilia - GARDEN PARTY<\/title>\n<meta name=\"robots\" content=\"index, follow, max-snippet:-1, max-image-preview:large, max-video-preview:-1\" \/>\n<link rel=\"canonical\" href=\"https:\/\/gardenparty.pl\/index.php\/wigilia\/\" \/>\n<meta property=\"og:locale\" content=\"pl_PL\" \/>\n<meta property=\"og:type\" content=\"article\" \/>\n<meta property=\"og:title\" content=\"Wigilia - GARDEN PARTY\" \/>\n<meta property=\"og:url\" content=\"https:\/\/gardenparty.pl\/index.php\/wigilia\/\" \/>\n<meta property=\"og:site_name\" content=\"GARDEN PARTY\" \/>\n<meta property=\"article:modified_time\" content=\"2026-02-16T10:22:39+00:00\" \/>\n<meta name=\"twitter:card\" content=\"summary_large_image\" \/>\n<meta name=\"twitter:label1\" content=\"Szacowany czas czytania\" \/>\n\t<meta name=\"twitter:data1\" content=\"5 minut\" \/>\n<script type=\"application\/ld+json\" class=\"yoast-schema-graph\">{\"@context\":\"https:\\\/\\\/schema.org\",\"@graph\":[{\"@type\":\"WebPage\",\"@id\":\"https:\\\/\\\/gardenparty.pl\\\/index.php\\\/wigilia\\\/\",\"url\":\"https:\\\/\\\/gardenparty.pl\\\/index.php\\\/wigilia\\\/\",\"name\":\"Wigilia - GARDEN PARTY\",\"isPartOf\":{\"@id\":\"https:\\\/\\\/gardenparty.pl\\\/#website\"},\"datePublished\":\"2022-08-16T12:57:15+00:00\",\"dateModified\":\"2026-02-16T10:22:39+00:00\",\"breadcrumb\":{\"@id\":\"https:\\\/\\\/gardenparty.pl\\\/index.php\\\/wigilia\\\/#breadcrumb\"},\"inLanguage\":\"pl-PL\",\"potentialAction\":[{\"@type\":\"ReadAction\",\"target\":[\"https:\\\/\\\/gardenparty.pl\\\/index.php\\\/wigilia\\\/\"]}]},{\"@type\":\"BreadcrumbList\",\"@id\":\"https:\\\/\\\/gardenparty.pl\\\/index.php\\\/wigilia\\\/#breadcrumb\",\"itemListElement\":[{\"@type\":\"ListItem\",\"position\":1,\"name\":\"Strona g\u0142\u00f3wna\",\"item\":\"https:\\\/\\\/gardenparty.pl\\\/\"},{\"@type\":\"ListItem\",\"position\":2,\"name\":\"Wigilia\"}]},{\"@type\":\"WebSite\",\"@id\":\"https:\\\/\\\/gardenparty.pl\\\/#website\",\"url\":\"https:\\\/\\\/gardenparty.pl\\\/\",\"name\":\"GARDEN PARTY\",\"description\":\"Catering \u0141\u00f3d\u017a\",\"potentialAction\":[{\"@type\":\"SearchAction\",\"target\":{\"@type\":\"EntryPoint\",\"urlTemplate\":\"https:\\\/\\\/gardenparty.pl\\\/?s={search_term_string}\"},\"query-input\":{\"@type\":\"PropertyValueSpecification\",\"valueRequired\":true,\"valueName\":\"search_term_string\"}}],\"inLanguage\":\"pl-PL\"}]}<\/script>\n<!-- \/ Yoast SEO plugin. -->","yoast_head_json":{"title":"Wigilia - GARDEN PARTY","robots":{"index":"index","follow":"follow","max-snippet":"max-snippet:-1","max-image-preview":"max-image-preview:large","max-video-preview":"max-video-preview:-1"},"canonical":"https:\/\/gardenparty.pl\/index.php\/wigilia\/","og_locale":"pl_PL","og_type":"article","og_title":"Wigilia - GARDEN PARTY","og_url":"https:\/\/gardenparty.pl\/index.php\/wigilia\/","og_site_name":"GARDEN PARTY","article_modified_time":"2026-02-16T10:22:39+00:00","twitter_card":"summary_large_image","twitter_misc":{"Szacowany czas czytania":"5 minut"},"schema":{"@context":"https:\/\/schema.org","@graph":[{"@type":"WebPage","@id":"https:\/\/gardenparty.pl\/index.php\/wigilia\/","url":"https:\/\/gardenparty.pl\/index.php\/wigilia\/","name":"Wigilia - GARDEN PARTY","isPartOf":{"@id":"https:\/\/gardenparty.pl\/#website"},"datePublished":"2022-08-16T12:57:15+00:00","dateModified":"2026-02-16T10:22:39+00:00","breadcrumb":{"@id":"https:\/\/gardenparty.pl\/index.php\/wigilia\/#breadcrumb"},"inLanguage":"pl-PL","potentialAction":[{"@type":"ReadAction","target":["https:\/\/gardenparty.pl\/index.php\/wigilia\/"]}]},{"@type":"BreadcrumbList","@id":"https:\/\/gardenparty.pl\/index.php\/wigilia\/#breadcrumb","itemListElement":[{"@type":"ListItem","position":1,"name":"Strona g\u0142\u00f3wna","item":"https:\/\/gardenparty.pl\/"},{"@type":"ListItem","position":2,"name":"Wigilia"}]},{"@type":"WebSite","@id":"https:\/\/gardenparty.pl\/#website","url":"https:\/\/gardenparty.pl\/","name":"GARDEN PARTY","description":"Catering \u0141\u00f3d\u017a","potentialAction":[{"@type":"SearchAction","target":{"@type":"EntryPoint","urlTemplate":"https:\/\/gardenparty.pl\/?s={search_term_string}"},"query-input":{"@type":"PropertyValueSpecification","valueRequired":true,"valueName":"search_term_string"}}],"inLanguage":"pl-PL"}]}},"_links":{"self":[{"href":"https:\/\/gardenparty.pl\/index.php\/wp-json\/wp\/v2\/pages\/245790","targetHints":{"allow":["GET"]}}],"collection":[{"href":"https:\/\/gardenparty.pl\/index.php\/wp-json\/wp\/v2\/pages"}],"about":[{"href":"https:\/\/gardenparty.pl\/index.php\/wp-json\/wp\/v2\/types\/page"}],"author":[{"embeddable":true,"href":"https:\/\/gardenparty.pl\/index.php\/wp-json\/wp\/v2\/users\/3"}],"replies":[{"embeddable":true,"href":"https:\/\/gardenparty.pl\/index.php\/wp-json\/wp\/v2\/comments?post=245790"}],"version-history":[{"count":29,"href":"https:\/\/gardenparty.pl\/index.php\/wp-json\/wp\/v2\/pages\/245790\/revisions"}],"predecessor-version":[{"id":247344,"href":"https:\/\/gardenparty.pl\/index.php\/wp-json\/wp\/v2\/pages\/245790\/revisions\/247344"}],"wp:attachment":[{"href":"https:\/\/gardenparty.pl\/index.php\/wp-json\/wp\/v2\/media?parent=245790"}],"curies":[{"name":"wp","href":"https:\/\/api.w.org\/{rel}","templated":true}]}}