{"id":52,"date":"2022-08-03T09:37:10","date_gmt":"2022-08-03T07:37:10","guid":{"rendered":"http:\/\/gardenparty.pl\/?page_id=52"},"modified":"2026-02-16T11:22:29","modified_gmt":"2026-02-16T10:22:29","slug":"kontakt","status":"publish","type":"page","link":"https:\/\/gardenparty.pl\/index.php\/kontakt\/","title":{"rendered":"Kontakt"},"content":{"rendered":"<div class=\"et_pb_section_0 et_pb_section et_section_regular et_block_section\"><div class=\"et_pb_row_0 et_pb_row et_pb_gutters1 et_block_row\"><div class=\"et_pb_column_0 et_pb_column et_pb_column_2_5 et_block_column et_pb_css_mix_blend_mode_passthrough pa-vertical-align\"><div class=\"et_pb_text_0 et_pb_text et_pb_bg_layout_light et_pb_module et_block_module pa-ck-button\"><div class=\"et_pb_text_inner\"><p>Kontakt<\/p>\n<\/div><\/div><div class=\"et_pb_text_1 et_pb_text et_pb_bg_layout_light et_pb_module et_block_module pa-ck-button\"><div class=\"et_pb_text_inner\"><p>Firma cateringowa z \u0142\u00f3dzkiego<\/p>\n<\/div><\/div><div class=\"et_pb_text_2 et_pb_text et_pb_bg_layout_light et_pb_module et_block_module pa-ck-button\"><div class=\"et_pb_text_inner\"><p>&nbsp;<\/p>\n<p>Zach\u0119camy Pa\u0144stwa do skorzystania z us\u0142ug naszej firmy cateringowej Garden Party, kt\u00f3rej siedziba znajduje si\u0119 w \u0141odzi. Proponujemy opraw\u0119 cateringow\u0105 r\u00f3\u017cnego rodzaju uroczysto\u015bci, w tym bankiet\u00f3w, konferencji, szkole\u0144 oraz imprez firmowych.<\/p>\n<p>Wszystkich, kt\u00f3rzy chcieliby dowiedzie\u0107 si\u0119 wi\u0119cej na temat prowadzonej przez nas dzia\u0142alno\u015bci, zach\u0119camy do kontaktu telefonicznego, mailowego albo do wysy\u0142ania zapyta\u0144 za po\u015brednictwem formularza dost\u0119pnego poni\u017cej.<\/p>\n<\/div><\/div><div class=\"et_pb_divider_0 et_pb_divider_hidden et_pb_space et_pb_divider_position_top et_pb_module\"><div class=\"et_pb_divider_internal\"><\/div><\/div><\/div><div class=\"et_pb_column_1 et_pb_column et_pb_column_3_5 et-last-child et_block_column et_pb_css_mix_blend_mode_passthrough\"><div class=\"et_pb_image_0 et_pb_image et_pb_module et_block_module\"><span class=\"et_pb_image_wrap\"><img loading=\"lazy\" decoding=\"async\" src=\"https:\/\/gardenparty.pl\/wp-content\/uploads\/2022\/08\/Projekt-bez-tytulu-2022-08-03T095846.365.jpg\" width=\"1080\" height=\"720\" srcset=\"https:\/\/gardenparty.pl\/wp-content\/uploads\/2022\/08\/Projekt-bez-tytulu-2022-08-03T095846.365.jpg 1080w, https:\/\/gardenparty.pl\/wp-content\/uploads\/2022\/08\/Projekt-bez-tytulu-2022-08-03T095846.365-980x653.jpg 980w, https:\/\/gardenparty.pl\/wp-content\/uploads\/2022\/08\/Projekt-bez-tytulu-2022-08-03T095846.365-480x320.jpg 480w\" sizes=\"(min-width: 0px) and (max-width: 480px) 480px, (min-width: 481px) and (max-width: 980px) 980px, (min-width: 981px) 1080px, 100vw\" class=\"wp-image-66\" title=\"Kontakt Garden Party\" \/><\/span><\/div><\/div><\/div><div class=\"et_pb_row_1 et_pb_row et_pb_row_4col et_block_row et_block_row_4col\"><div class=\"et_pb_column_2 et_pb_column et_pb_column_1_4 et_block_column et_pb_css_mix_blend_mode_passthrough\"><div class=\"et_pb_blurb_0 et_pb_blurb et_pb_bg_layout_light et_pb_blurb_position_left et_pb_module et_block_module\"><div class=\"et_pb_blurb_content\"><div class=\"et_pb_main_blurb_image\"><span class=\"et_pb_image_wrap\"><span class=\"et-pb-icon et-waypoint et_pb_animation_top et_pb_animation_top_tablet et_pb_animation_top_phone\">\ue01d<\/span><\/span><\/div><div class=\"et_pb_blurb_container\"><h4 class=\"et_pb_module_header\">Biuro i Restauracja<\/h4><div class=\"et_pb_blurb_description\"><p><span><a href=\"https:\/\/goo.gl\/maps\/rMHFaDzCBodootMMA\">ul.\u0141\u00f3dzka 57<\/a><br \/><a href=\"https:\/\/goo.gl\/maps\/rMHFaDzCBodootMMA\">95-050 Konstantyn\u00f3w \u0141\u00f3dzki<\/a><br \/><\/span><\/p>\n<\/div><\/div><\/div><\/div><\/div><div class=\"et_pb_column_3 et_pb_column et_pb_column_1_4 et_block_column et_pb_css_mix_blend_mode_passthrough\"><div class=\"et_pb_blurb_1 et_pb_blurb et_pb_bg_layout_light et_pb_blurb_position_left et_pb_module et_block_module\"><div class=\"et_pb_blurb_content\"><div class=\"et_pb_main_blurb_image\"><span class=\"et_pb_image_wrap\"><span class=\"et-pb-icon et-waypoint et_pb_animation_top et_pb_animation_top_tablet et_pb_animation_top_phone\">\ue01d<\/span><\/span><\/div><div class=\"et_pb_blurb_container\"><h4 class=\"et_pb_module_header\">Siedziba<\/h4><div class=\"et_pb_blurb_description\"><p><a href=\"https:\/\/goo.gl\/maps\/PefDDLAayoNxFykq5\">ul. Retki\u0144ska 79\/18<\/a><br \/><a href=\"https:\/\/goo.gl\/maps\/PefDDLAayoNxFykq5\">94-004 \u0141\u00f3d\u017a<\/a><\/p>\n<\/div><\/div><\/div><\/div><\/div><div class=\"et_pb_column_4 et_pb_column et_pb_column_1_4 et_block_column et_pb_css_mix_blend_mode_passthrough\"><div class=\"et_pb_blurb_2 et_pb_blurb et_pb_bg_layout_light et_pb_blurb_position_left et_pb_module et_block_module\"><div class=\"et_pb_blurb_content\"><div class=\"et_pb_main_blurb_image\"><span class=\"et_pb_image_wrap\"><span class=\"et-pb-icon et-waypoint et_pb_animation_top et_pb_animation_top_tablet et_pb_animation_top_phone\">\ue090<\/span><\/span><\/div><div class=\"et_pb_blurb_container\"><h4 class=\"et_pb_module_header\">Telefon<\/h4><div class=\"et_pb_blurb_description\"><p><span><a href=\"tel:.42 211 25 82\">42 211 25 82<\/a><br \/><\/span><a href=\"tel:.603 328 656\">603 328 656<\/a><br \/><a href=\"tel:.601 358 468\">601 358 468<\/a><\/p>\n<\/div><\/div><\/div><\/div><\/div><div class=\"et_pb_column_5 et_pb_column et_pb_column_1_4 et-last-child et_block_column et_pb_css_mix_blend_mode_passthrough\"><div class=\"et_pb_blurb_3 et_pb_blurb et_pb_bg_layout_light et_pb_blurb_position_left et_pb_module et_block_module\"><div class=\"et_pb_blurb_content\"><div class=\"et_pb_main_blurb_image\"><span class=\"et_pb_image_wrap\"><span class=\"et-pb-icon et-waypoint et_pb_animation_top et_pb_animation_top_tablet et_pb_animation_top_phone\">\uf0e0<\/span><\/span><\/div><div class=\"et_pb_blurb_container\"><h4 class=\"et_pb_module_header\">E-mail<\/h4><div class=\"et_pb_blurb_description\"><p><a href=\"mailto:gp@gardenparty.pl\">gp@gardenparty.pl<\/a><\/p>\n<\/div><\/div><\/div><\/div><\/div><\/div><div class=\"et_pb_row_2 et_pb_row et_block_row\"><div class=\"et_pb_column_6 et_pb_column et_pb_column_4_4 et-last-child et_block_column et_pb_css_mix_blend_mode_passthrough\"><div class=\"et_pb_text_3 et_pb_text et_pb_bg_layout_light et_pb_module et_block_module pa-ck-button\"><div class=\"et_pb_text_inner\"><p style=\"text-align: center;\">Napisz do nas<\/p>\n<\/div><\/div><div class=\"et_pb_contact_form_0 et_pb_contact_form_container clearfix et_pb_recaptcha_enabled et_pb_module et_flex_module\" data-form_unique_num=\"0\" data-form_unique_id=\"317e591f-4643-418c-9057-cda49eeada43\" id=\"et_pb_contact_form_317e591f-4643-418c-9057-cda49eeada43\"><div class=\"et-pb-contact-message\"><\/div><div class=\"et_pb_contact\"><form class=\"et_pb_contact_form et_flex_module\" method=\"post\" action=\"https:\/\/gardenparty.pl\/index.php\/wp-json\/wp\/v2\/pages\/52\"><div class=\"et_pb_contact_field_0 et_pb_contact_field et_pb_module et_flex_module et_flex_column_24_24 et_flex_column_24_24_tablet et_flex_column_24_24_phone\" data-id=\"name\" data-type=\"input\"><label class=\"et_pb_contact_form_label\">Imi\u0119 i nazwisko<\/label><input type=\"text\" name=\"et_pb_contact_0_name_0\" id=\"et_pb_contact_0_name_0\" class=\"input\" data-required_mark=\"required\" data-field_type=\"input\" data-original_id=\"name\" placeholder=\"Imi\u0119 i nazwisko\" title=\"\" value=\"\" \/><\/div><div class=\"et_pb_contact_field_1 et_pb_contact_field et_pb_module et_flex_module et_flex_column_24_24 et_flex_column_24_24_tablet et_flex_column_24_24_phone\" data-id=\"email\" data-type=\"email\"><label class=\"et_pb_contact_form_label\">Adres email<\/label><input type=\"text\" name=\"et_pb_contact_0_email_1\" id=\"et_pb_contact_0_email_1\" class=\"input\" data-required_mark=\"required\" data-field_type=\"email\" data-original_id=\"email\" placeholder=\"Adres email\" title=\"\" value=\"\" \/><\/div><div class=\"et_pb_contact_field_2 et_pb_contact_field et_pb_module et_flex_module et_flex_column_24_24 et_flex_column_24_24_tablet et_flex_column_24_24_phone\" data-id=\"temat\" data-type=\"input\"><label class=\"et_pb_contact_form_label\">Temat<\/label><input type=\"text\" name=\"et_pb_contact_0_temat_2\" id=\"et_pb_contact_0_temat_2\" class=\"input\" data-required_mark=\"required\" data-field_type=\"input\" data-original_id=\"temat\" placeholder=\"Temat\" title=\"\" value=\"\" \/><\/div><div class=\"et_pb_contact_field_3 et_pb_contact_field et_pb_module et_flex_module et_flex_column_24_24 et_flex_column_24_24_tablet et_flex_column_24_24_phone\" data-id=\"message\" data-type=\"text\"><label class=\"et_pb_contact_form_label\">Tre\u015b\u0107 wiadomo\u015bci<\/label><textarea name=\"et_pb_contact_0_message_3\" id=\"et_pb_contact_0_message_3\" class=\"et_pb_contact_message input\" data-required_mark=\"required\" data-field_type=\"text\" data-original_id=\"message\" placeholder=\"Tre\u015b\u0107 wiadomo\u015bci\"><\/textarea><\/div><input type=\"hidden\" name=\"et_pb_contactform_submit_317e591f-4643-418c-9057-cda49eeada43\" value=\"et_contact_proccess\" \/><div class=\"et_contact_bottom_container\"><div class=\"et_pb_button_wrapper\"><button type=\"submit\" name=\"et_builder_submit_button\" class=\"et_pb_button et_pb_contact_submit\">Wy\u015blij<\/button><\/div><\/div><input type=\"hidden\" id=\"_wpnonce-et-pb-contact-form-submitted-317e591f-4643-418c-9057-cda49eeada43\" name=\"_wpnonce-et-pb-contact-form-submitted-317e591f-4643-418c-9057-cda49eeada43\" value=\"0b838888d1\" \/><input type=\"hidden\" name=\"_wp_http_referer\" value=\"\/index.php\/wp-json\/wp\/v2\/pages\/52\" \/><\/form><\/div><\/div><\/div><\/div><\/div>","protected":false},"excerpt":{"rendered":"","protected":false},"author":3,"featured_media":0,"parent":0,"menu_order":0,"comment_status":"closed","ping_status":"closed","template":"","meta":{"footnotes":""},"class_list":["post-52","page","type-page","status-publish","hentry"],"yoast_head":"<!-- This site is optimized with the Yoast SEO plugin v27.4 - https:\/\/yoast.com\/product\/yoast-seo-wordpress\/ -->\n<title>Kontakt - GARDEN PARTY<\/title>\n<meta name=\"robots\" content=\"index, follow, max-snippet:-1, max-image-preview:large, max-video-preview:-1\" \/>\n<link rel=\"canonical\" href=\"https:\/\/gardenparty.pl\/index.php\/kontakt\/\" \/>\n<meta property=\"og:locale\" content=\"pl_PL\" \/>\n<meta property=\"og:type\" content=\"article\" \/>\n<meta property=\"og:title\" content=\"Kontakt - GARDEN PARTY\" \/>\n<meta property=\"og:url\" content=\"https:\/\/gardenparty.pl\/index.php\/kontakt\/\" \/>\n<meta property=\"og:site_name\" content=\"GARDEN PARTY\" \/>\n<meta property=\"article:modified_time\" content=\"2026-02-16T10:22:29+00:00\" \/>\n<meta name=\"twitter:card\" content=\"summary_large_image\" \/>\n<script type=\"application\/ld+json\" class=\"yoast-schema-graph\">{\"@context\":\"https:\\\/\\\/schema.org\",\"@graph\":[{\"@type\":\"WebPage\",\"@id\":\"https:\\\/\\\/gardenparty.pl\\\/index.php\\\/kontakt\\\/\",\"url\":\"https:\\\/\\\/gardenparty.pl\\\/index.php\\\/kontakt\\\/\",\"name\":\"Kontakt - GARDEN PARTY\",\"isPartOf\":{\"@id\":\"https:\\\/\\\/gardenparty.pl\\\/#website\"},\"datePublished\":\"2022-08-03T07:37:10+00:00\",\"dateModified\":\"2026-02-16T10:22:29+00:00\",\"breadcrumb\":{\"@id\":\"https:\\\/\\\/gardenparty.pl\\\/index.php\\\/kontakt\\\/#breadcrumb\"},\"inLanguage\":\"pl-PL\",\"potentialAction\":[{\"@type\":\"ReadAction\",\"target\":[\"https:\\\/\\\/gardenparty.pl\\\/index.php\\\/kontakt\\\/\"]}]},{\"@type\":\"BreadcrumbList\",\"@id\":\"https:\\\/\\\/gardenparty.pl\\\/index.php\\\/kontakt\\\/#breadcrumb\",\"itemListElement\":[{\"@type\":\"ListItem\",\"position\":1,\"name\":\"Strona g\u0142\u00f3wna\",\"item\":\"https:\\\/\\\/gardenparty.pl\\\/\"},{\"@type\":\"ListItem\",\"position\":2,\"name\":\"Kontakt\"}]},{\"@type\":\"WebSite\",\"@id\":\"https:\\\/\\\/gardenparty.pl\\\/#website\",\"url\":\"https:\\\/\\\/gardenparty.pl\\\/\",\"name\":\"GARDEN PARTY\",\"description\":\"Catering \u0141\u00f3d\u017a\",\"potentialAction\":[{\"@type\":\"SearchAction\",\"target\":{\"@type\":\"EntryPoint\",\"urlTemplate\":\"https:\\\/\\\/gardenparty.pl\\\/?s={search_term_string}\"},\"query-input\":{\"@type\":\"PropertyValueSpecification\",\"valueRequired\":true,\"valueName\":\"search_term_string\"}}],\"inLanguage\":\"pl-PL\"}]}<\/script>\n<!-- \/ Yoast SEO plugin. -->","yoast_head_json":{"title":"Kontakt - GARDEN PARTY","robots":{"index":"index","follow":"follow","max-snippet":"max-snippet:-1","max-image-preview":"max-image-preview:large","max-video-preview":"max-video-preview:-1"},"canonical":"https:\/\/gardenparty.pl\/index.php\/kontakt\/","og_locale":"pl_PL","og_type":"article","og_title":"Kontakt - GARDEN PARTY","og_url":"https:\/\/gardenparty.pl\/index.php\/kontakt\/","og_site_name":"GARDEN PARTY","article_modified_time":"2026-02-16T10:22:29+00:00","twitter_card":"summary_large_image","schema":{"@context":"https:\/\/schema.org","@graph":[{"@type":"WebPage","@id":"https:\/\/gardenparty.pl\/index.php\/kontakt\/","url":"https:\/\/gardenparty.pl\/index.php\/kontakt\/","name":"Kontakt - GARDEN PARTY","isPartOf":{"@id":"https:\/\/gardenparty.pl\/#website"},"datePublished":"2022-08-03T07:37:10+00:00","dateModified":"2026-02-16T10:22:29+00:00","breadcrumb":{"@id":"https:\/\/gardenparty.pl\/index.php\/kontakt\/#breadcrumb"},"inLanguage":"pl-PL","potentialAction":[{"@type":"ReadAction","target":["https:\/\/gardenparty.pl\/index.php\/kontakt\/"]}]},{"@type":"BreadcrumbList","@id":"https:\/\/gardenparty.pl\/index.php\/kontakt\/#breadcrumb","itemListElement":[{"@type":"ListItem","position":1,"name":"Strona g\u0142\u00f3wna","item":"https:\/\/gardenparty.pl\/"},{"@type":"ListItem","position":2,"name":"Kontakt"}]},{"@type":"WebSite","@id":"https:\/\/gardenparty.pl\/#website","url":"https:\/\/gardenparty.pl\/","name":"GARDEN PARTY","description":"Catering \u0141\u00f3d\u017a","potentialAction":[{"@type":"SearchAction","target":{"@type":"EntryPoint","urlTemplate":"https:\/\/gardenparty.pl\/?s={search_term_string}"},"query-input":{"@type":"PropertyValueSpecification","valueRequired":true,"valueName":"search_term_string"}}],"inLanguage":"pl-PL"}]}},"_links":{"self":[{"href":"https:\/\/gardenparty.pl\/index.php\/wp-json\/wp\/v2\/pages\/52","targetHints":{"allow":["GET"]}}],"collection":[{"href":"https:\/\/gardenparty.pl\/index.php\/wp-json\/wp\/v2\/pages"}],"about":[{"href":"https:\/\/gardenparty.pl\/index.php\/wp-json\/wp\/v2\/types\/page"}],"author":[{"embeddable":true,"href":"https:\/\/gardenparty.pl\/index.php\/wp-json\/wp\/v2\/users\/3"}],"replies":[{"embeddable":true,"href":"https:\/\/gardenparty.pl\/index.php\/wp-json\/wp\/v2\/comments?post=52"}],"version-history":[{"count":27,"href":"https:\/\/gardenparty.pl\/index.php\/wp-json\/wp\/v2\/pages\/52\/revisions"}],"predecessor-version":[{"id":247335,"href":"https:\/\/gardenparty.pl\/index.php\/wp-json\/wp\/v2\/pages\/52\/revisions\/247335"}],"wp:attachment":[{"href":"https:\/\/gardenparty.pl\/index.php\/wp-json\/wp\/v2\/media?parent=52"}],"curies":[{"name":"wp","href":"https:\/\/api.w.org\/{rel}","templated":true}]}}