{"id":98,"date":"2022-08-03T12:50:05","date_gmt":"2022-08-03T10:50:05","guid":{"rendered":"http:\/\/gardenparty.pl\/?page_id=98"},"modified":"2026-02-16T11:22:32","modified_gmt":"2026-02-16T10:22:32","slug":"o-nas","status":"publish","type":"page","link":"https:\/\/gardenparty.pl\/index.php\/o-nas\/","title":{"rendered":"O nas"},"content":{"rendered":"<div class=\"et_pb_section_0 et_pb_section et_section_regular et_block_section\"><div class=\"et_pb_row_0 et_pb_row et_block_row\"><div class=\"et_pb_column_0 et_pb_column et_pb_column_4_4 et-last-child et_block_column et_pb_css_mix_blend_mode_passthrough\"><div class=\"et_pb_text_0 et_pb_text et_pb_bg_layout_light et_pb_module et_block_module\"><div class=\"et_pb_text_inner\"><h1 style=\"text-align: center;\">O NAS<\/h1>\n<\/div><\/div><div class=\"et_pb_divider_0 et_pb_divider et_pb_space et_pb_divider_position_top et_pb_module\"><div class=\"et_pb_divider_internal\"><\/div><\/div><\/div><\/div><div class=\"et_pb_row_1 et_pb_row et_block_row\"><div class=\"et_pb_column_1 et_pb_column et_pb_column_4_4 et-last-child et_block_column et_pb_css_mix_blend_mode_passthrough\"><div class=\"et_pb_text_1 et_pb_text et_pb_bg_layout_light et_pb_module et_block_module\"><div class=\"et_pb_text_inner\"><p>CATERING\u00a0<span style=\"color: #e38b06;\">GARDEN PARTY<\/span><\/p>\n<\/div><\/div><\/div><\/div><div class=\"et_pb_row_2 et_pb_row et_block_row\"><div class=\"et_pb_column_2 et_pb_column et_pb_column_1_2 et_block_column et_pb_css_mix_blend_mode_passthrough\"><div class=\"et_pb_text_2 et_pb_text et_pb_bg_layout_light et_pb_module et_block_module\"><div class=\"et_pb_text_inner\"><p>Z przyjemno\u015bci\u0105 przedstawiamy firm\u0119 Garden Party, kt\u00f3ra dzia\u0142a na rynku \u0142\u00f3dzkim i nie tylko od 1997 roku. Oferujemy szeroki wachlarz us\u0142ug cateringowych poparty du\u017cym do\u015bwiadczeniem dla wszystkich rodzaj\u00f3w klient\u00f3w.<\/p>\n<div class=\"separator  transparent center  \"><\/div>\n<p>Firma nasza organizuje cateringow\u0105 opraw\u0119 r\u00f3\u017cnego rodzaju uroczysto\u015bci, mi\u0119dzy innymi: bankiety, imprezy integracyjne, pikniki, bale, konferencje, grille, wigilie.<br \/>Zestaw potraw i zak\u0105sek, kt\u00f3re proponujemy, jak i cena s\u0105 akceptowane przez szerokie grono naszych klient\u00f3w.<\/p>\n<div class=\"separator  transparent center  \"><\/div>\n<p>Wed\u0142ug nas wa\u017cne jest to, \u017ce otwarci jeste\u015bmy na negocjacje z ka\u017cdym z naszych potencjalnych klient\u00f3w, a dotychczasowa dzia\u0142alno\u015b\u0107 \u015bwiadczy o tym, i\u017c potrafimy zadowoli\u0107 podniebienia tysi\u0105ca usatysfakcjonowanych ju\u017c ludzi.<\/p>\n<\/div><\/div><\/div><div class=\"et_pb_column_3 et_pb_column et_pb_column_1_2 et-last-child et_block_column et_pb_css_mix_blend_mode_passthrough\"><div class=\"et_pb_image_0 et_pb_image et_pb_module et_block_module\"><span class=\"et_pb_image_wrap\"><img loading=\"lazy\" decoding=\"async\" src=\"https:\/\/gardenparty.pl\/wp-content\/uploads\/2022\/09\/o_nas-450x300-1.jpg\" width=\"450\" height=\"300\" srcset=\"https:\/\/gardenparty.pl\/wp-content\/uploads\/2022\/09\/o_nas-450x300-1.jpg 450w, https:\/\/gardenparty.pl\/wp-content\/uploads\/2022\/09\/o_nas-450x300-1-300x200.jpg 300w\" sizes=\"(max-width: 450px) 100vw, 450px\" class=\"wp-image-245853\" title=\"o_nas-450x300\" \/><\/span><\/div><\/div><\/div><\/div>","protected":false},"excerpt":{"rendered":"","protected":false},"author":3,"featured_media":0,"parent":0,"menu_order":0,"comment_status":"closed","ping_status":"closed","template":"","meta":{"footnotes":""},"class_list":["post-98","page","type-page","status-publish","hentry"],"yoast_head":"<!-- This site is optimized with the Yoast SEO plugin v27.5 - https:\/\/yoast.com\/product\/yoast-seo-wordpress\/ -->\n<title>O nas - GARDEN PARTY<\/title>\n<meta name=\"robots\" content=\"index, follow, max-snippet:-1, max-image-preview:large, max-video-preview:-1\" \/>\n<link rel=\"canonical\" href=\"https:\/\/gardenparty.pl\/index.php\/o-nas\/\" \/>\n<meta property=\"og:locale\" content=\"pl_PL\" \/>\n<meta property=\"og:type\" content=\"article\" \/>\n<meta property=\"og:title\" content=\"O nas - GARDEN PARTY\" \/>\n<meta property=\"og:url\" content=\"https:\/\/gardenparty.pl\/index.php\/o-nas\/\" \/>\n<meta property=\"og:site_name\" content=\"GARDEN PARTY\" \/>\n<meta property=\"article:modified_time\" content=\"2026-02-16T10:22:32+00:00\" \/>\n<meta name=\"twitter:card\" content=\"summary_large_image\" \/>\n<script type=\"application\/ld+json\" class=\"yoast-schema-graph\">{\"@context\":\"https:\\\/\\\/schema.org\",\"@graph\":[{\"@type\":\"WebPage\",\"@id\":\"https:\\\/\\\/gardenparty.pl\\\/index.php\\\/o-nas\\\/\",\"url\":\"https:\\\/\\\/gardenparty.pl\\\/index.php\\\/o-nas\\\/\",\"name\":\"O nas - GARDEN PARTY\",\"isPartOf\":{\"@id\":\"https:\\\/\\\/gardenparty.pl\\\/#website\"},\"datePublished\":\"2022-08-03T10:50:05+00:00\",\"dateModified\":\"2026-02-16T10:22:32+00:00\",\"breadcrumb\":{\"@id\":\"https:\\\/\\\/gardenparty.pl\\\/index.php\\\/o-nas\\\/#breadcrumb\"},\"inLanguage\":\"pl-PL\",\"potentialAction\":[{\"@type\":\"ReadAction\",\"target\":[\"https:\\\/\\\/gardenparty.pl\\\/index.php\\\/o-nas\\\/\"]}]},{\"@type\":\"BreadcrumbList\",\"@id\":\"https:\\\/\\\/gardenparty.pl\\\/index.php\\\/o-nas\\\/#breadcrumb\",\"itemListElement\":[{\"@type\":\"ListItem\",\"position\":1,\"name\":\"Strona g\u0142\u00f3wna\",\"item\":\"https:\\\/\\\/gardenparty.pl\\\/\"},{\"@type\":\"ListItem\",\"position\":2,\"name\":\"O nas\"}]},{\"@type\":\"WebSite\",\"@id\":\"https:\\\/\\\/gardenparty.pl\\\/#website\",\"url\":\"https:\\\/\\\/gardenparty.pl\\\/\",\"name\":\"GARDEN PARTY\",\"description\":\"Catering \u0141\u00f3d\u017a\",\"potentialAction\":[{\"@type\":\"SearchAction\",\"target\":{\"@type\":\"EntryPoint\",\"urlTemplate\":\"https:\\\/\\\/gardenparty.pl\\\/?s={search_term_string}\"},\"query-input\":{\"@type\":\"PropertyValueSpecification\",\"valueRequired\":true,\"valueName\":\"search_term_string\"}}],\"inLanguage\":\"pl-PL\"}]}<\/script>\n<!-- \/ Yoast SEO plugin. -->","yoast_head_json":{"title":"O nas - GARDEN PARTY","robots":{"index":"index","follow":"follow","max-snippet":"max-snippet:-1","max-image-preview":"max-image-preview:large","max-video-preview":"max-video-preview:-1"},"canonical":"https:\/\/gardenparty.pl\/index.php\/o-nas\/","og_locale":"pl_PL","og_type":"article","og_title":"O nas - GARDEN PARTY","og_url":"https:\/\/gardenparty.pl\/index.php\/o-nas\/","og_site_name":"GARDEN PARTY","article_modified_time":"2026-02-16T10:22:32+00:00","twitter_card":"summary_large_image","schema":{"@context":"https:\/\/schema.org","@graph":[{"@type":"WebPage","@id":"https:\/\/gardenparty.pl\/index.php\/o-nas\/","url":"https:\/\/gardenparty.pl\/index.php\/o-nas\/","name":"O nas - GARDEN PARTY","isPartOf":{"@id":"https:\/\/gardenparty.pl\/#website"},"datePublished":"2022-08-03T10:50:05+00:00","dateModified":"2026-02-16T10:22:32+00:00","breadcrumb":{"@id":"https:\/\/gardenparty.pl\/index.php\/o-nas\/#breadcrumb"},"inLanguage":"pl-PL","potentialAction":[{"@type":"ReadAction","target":["https:\/\/gardenparty.pl\/index.php\/o-nas\/"]}]},{"@type":"BreadcrumbList","@id":"https:\/\/gardenparty.pl\/index.php\/o-nas\/#breadcrumb","itemListElement":[{"@type":"ListItem","position":1,"name":"Strona g\u0142\u00f3wna","item":"https:\/\/gardenparty.pl\/"},{"@type":"ListItem","position":2,"name":"O nas"}]},{"@type":"WebSite","@id":"https:\/\/gardenparty.pl\/#website","url":"https:\/\/gardenparty.pl\/","name":"GARDEN PARTY","description":"Catering \u0141\u00f3d\u017a","potentialAction":[{"@type":"SearchAction","target":{"@type":"EntryPoint","urlTemplate":"https:\/\/gardenparty.pl\/?s={search_term_string}"},"query-input":{"@type":"PropertyValueSpecification","valueRequired":true,"valueName":"search_term_string"}}],"inLanguage":"pl-PL"}]}},"_links":{"self":[{"href":"https:\/\/gardenparty.pl\/index.php\/wp-json\/wp\/v2\/pages\/98","targetHints":{"allow":["GET"]}}],"collection":[{"href":"https:\/\/gardenparty.pl\/index.php\/wp-json\/wp\/v2\/pages"}],"about":[{"href":"https:\/\/gardenparty.pl\/index.php\/wp-json\/wp\/v2\/types\/page"}],"author":[{"embeddable":true,"href":"https:\/\/gardenparty.pl\/index.php\/wp-json\/wp\/v2\/users\/3"}],"replies":[{"embeddable":true,"href":"https:\/\/gardenparty.pl\/index.php\/wp-json\/wp\/v2\/comments?post=98"}],"version-history":[{"count":12,"href":"https:\/\/gardenparty.pl\/index.php\/wp-json\/wp\/v2\/pages\/98\/revisions"}],"predecessor-version":[{"id":247337,"href":"https:\/\/gardenparty.pl\/index.php\/wp-json\/wp\/v2\/pages\/98\/revisions\/247337"}],"wp:attachment":[{"href":"https:\/\/gardenparty.pl\/index.php\/wp-json\/wp\/v2\/media?parent=98"}],"curies":[{"name":"wp","href":"https:\/\/api.w.org\/{rel}","templated":true}]}}